{"id":16381,"date":"2023-07-21T12:07:50","date_gmt":"2023-07-21T12:07:50","guid":{"rendered":"https:\/\/lucas-filmfestival.de\/films\/wettbewerb-kurzfilm-kids-teens\/"},"modified":"2025-09-25T19:22:51","modified_gmt":"2025-09-25T19:22:51","slug":"competitions-short-film-kids-teens","status":"publish","type":"page","link":"https:\/\/lucas-filmfestival.de\/en\/films\/competitions-short-film-kids-teens\/","title":{"rendered":"Competitions \u00bbKids\u00ab &amp; \u00bbTeens\u00ab | Short&nbsp;Film"},"content":{"rendered":"<div class=\"wpb-content-wrapper\"><p>[vc_row full_width=\u201cstretch_row\u201d disable_element=\u201cyes\u201d bg_type=\u201cbg_color\u201d bg_color_value=\u201d#48d1cc\u201d css=\u201d.vc_custom_1693005244942{padding-top: 20px !important;padding-bottom: 20px !important;}\u201d][vc_column][vc_column_text]<\/p>\n<h2>Das Programm von LUCAS #46 wird Ende August ver\u00f6ffentlicht. Die <a href=\"https:\/\/lucas-filmfestival.de\/en\/archiv\/\"><span style=\"text-decoration: underline;\">Archiv-Seite<\/span><\/a> liefert einen R\u00fcckblick auf die LUCAS-Ausgaben der vergangenen Jahre.<\/h2>\n<p>[\/vc_column_text][vc_column_text]<\/p>\n<p style=\"text-align: justify;\">Im Zentrum von LUCAS ste\u00adhen die <strong>inter\u00adna\u00adtio\u00adna\u00adlen Wettbewerbe<\/strong> mit<strong> aktu\u00adel\u00adlen Lang- und Kurzfilmen<\/strong>. Die Jurys ver\u00adge\u00adben in den Sektionen <strong>\u00bbKids\u00ab, \u00bbTeens\u00ab und \u00bbYoungsters\u00ab<\/strong>&nbsp;attrak\u00adti\u00adve Preise. Gezeigt wer\u00adden die Filme in Originalsprache mit eng\u00adli\u00adschen Untertiteln und deut\u00adscher Einsprache (kei\u00adne Einsprache ab einer Altersempfehlung ab 14 Jahren).<\/p>\n<p>[\/vc_column_text][\/vc_column][\/vc_row][vc_row full_width=\u201cstretch_row\u201d el_id=\u201ckurzfilm\u201d css=\u201d.vc_custom_1724358886094{background-color: #ffd700 !important;}\u201d][vc_column][vc_empty_space][\/vc_column][\/vc_row][vc_row full_width=\u201cstretch_row\u201d css=\u201d.vc_custom_1724358897759{background-color: #ffd700 !important;}\u201d][vc_column][vc_column_text]<\/p>\n<h1>Competitions \u00bbKids\u00ab &amp; \u00bbTeens\u00ab | Short&nbsp;Film<\/h1>\n<p>[\/vc_column_text][vc_row_inner css=\u201d.vc_custom_1622115717118{padding-right: 10px !important;padding-left: 10px !important;background-color: #ffffff !important;border-radius: 5px !important;}\u201d][vc_column_inner][vc_column_text][\/vc_column_text][vc_basic_grid post_type=\u201cfilm-2025\u201d max_items=\u201c-1\u201d element_width=\u201c3\u201d orderby=\u201ctitle\u201d order=\u201cASC\u201d item=\u201c115\u201d initial_loading_animation=\u201czoomIn\u201d grid_id=\u201cvc_gid:1758828152922-c52fdf3e-335a\u20111\u201d exclude=\u201c9258, 9266, 9270, 9286, 9296, 9298, 9284, 9301, 9303, 9313, 9315, 9317, 9362, 9319, 9321, 9335, 9337, 9339, 9341, 9344, 9346, 9358, 9360, 9364\u201d taxonomies=\u201c543\u201d][\/vc_column_inner][\/vc_row_inner][\/vc_column][\/vc_row][vc_row full_width=\u201cstretch_row\u201d css=\u201d.vc_custom_1724358911159{background-color: #ffd700 !important;}\u201d][vc_column][vc_empty_space height=\u201c250px\u201d][\/vc_column][\/vc_row]<\/p>\n<\/div>","protected":false},"excerpt":{"rendered":"<p>[vc_row full_width=\u201cstretch_row\u201d disable_element=\u201cyes\u201d bg_type=\u201cbg_color\u201d bg_color_value=\u201d#48d1cc\u201d css=\u201d.vc_custom_1693005244942{padding-top: 20px !important;padding-bottom: 20px !important;}\u201d][vc_column][vc_column_text] Das Programm von LUCAS #46 wird Ende August ver\u00ad\u00f6f\u00adfent\u00adlicht. Die Archiv-Seite lie\u00adfert einen R\u00fcckblick auf die LUCAS-Ausgaben der ver\u00adgan\u00adge\u00adnen Jahre. [\/vc_column_text][vc_column_text] Im Zentrum von LUCAS ste\u00adhen die inter\u00adna\u00adtio\u00adna\u00adlen Wettbewerbe mit aktu\u00adel\u00adlen Lang- und Kurzfilmen. Die Jurys ver\u00adge\u00adben in den Sektionen \u00bbKids\u00ab, \u00bbTeens\u00ab und \u00bbYoungsters\u00ab&nbsp;attrak\u00adti\u00adve Preise.&nbsp;[\u2026]<\/p>\n","protected":false},"author":14,"featured_media":0,"parent":4279,"menu_order":40,"comment_status":"closed","ping_status":"closed","template":"","meta":{"_lmt_disableupdate":"no","_lmt_disable":"","wp_typography_post_enhancements_disabled":false,"site-sidebar-layout":"no-sidebar","site-content-layout":"plain-container","ast-site-content-layout":"normal-width-container","site-content-style":"unboxed","site-sidebar-style":"unboxed","ast-global-header-display":"","ast-banner-title-visibility":"","ast-main-header-display":"","ast-hfb-above-header-display":"","ast-hfb-below-header-display":"","ast-hfb-mobile-header-display":"","site-post-title":"disabled","ast-breadcrumbs-content":"","ast-featured-img":"disabled","footer-sml-layout":"","ast-disable-related-posts":"","theme-transparent-header-meta":"default","adv-header-id-meta":"","stick-header-meta":"default","header-above-stick-meta":"","header-main-stick-meta":"","header-below-stick-meta":"","astra-migrate-meta-layouts":"set","ast-page-background-enabled":"default","ast-page-background-meta":{"desktop":{"background-color":"var(--ast-global-color-4)","background-image":"","background-repeat":"repeat","background-position":"center center","background-size":"auto","background-attachment":"scroll","background-type":"","background-media":"","overlay-type":"","overlay-color":"","overlay-opacity":"","overlay-gradient":""},"tablet":{"background-color":"","background-image":"","background-repeat":"repeat","background-position":"center center","background-size":"auto","background-attachment":"scroll","background-type":"","background-media":"","overlay-type":"","overlay-color":"","overlay-opacity":"","overlay-gradient":""},"mobile":{"background-color":"","background-image":"","background-repeat":"repeat","background-position":"center center","background-size":"auto","background-attachment":"scroll","background-type":"","background-media":"","overlay-type":"","overlay-color":"","overlay-opacity":"","overlay-gradient":""}},"ast-content-background-meta":{"desktop":{"background-color":"var(--ast-global-color-5)","background-image":"","background-repeat":"repeat","background-position":"center center","background-size":"auto","background-attachment":"scroll","background-type":"","background-media":"","overlay-type":"","overlay-color":"","overlay-opacity":"","overlay-gradient":""},"tablet":{"background-color":"var(--ast-global-color-5)","background-image":"","background-repeat":"repeat","background-position":"center center","background-size":"auto","background-attachment":"scroll","background-type":"","background-media":"","overlay-type":"","overlay-color":"","overlay-opacity":"","overlay-gradient":""},"mobile":{"background-color":"var(--ast-global-color-5)","background-image":"","background-repeat":"repeat","background-position":"center center","background-size":"auto","background-attachment":"scroll","background-type":"","background-media":"","overlay-type":"","overlay-color":"","overlay-opacity":"","overlay-gradient":""}},"footnotes":""},"class_list":["post-16381","page","type-page","status-publish","hentry"],"yoast_head":"<!-- This site is optimized with the Yoast SEO plugin v26.7 - https:\/\/yoast.com\/wordpress\/plugins\/seo\/ -->\n<title>Competitions \u00bbKids\u00ab &amp; \u00bbTeens\u00ab | Short Film - LUCAS \u2013 Internationales Festival f\u00fcr junge Filmfans<\/title>\n<meta name=\"robots\" content=\"index, follow, max-snippet:-1, max-image-preview:large, max-video-preview:-1\" \/>\n<link rel=\"canonical\" href=\"https:\/\/lucas-filmfestival.de\/en\/films\/competitions-short-film-kids-teens\/\" \/>\n<meta property=\"og:locale\" content=\"en_US\" \/>\n<meta property=\"og:type\" content=\"article\" \/>\n<meta property=\"og:title\" content=\"Competitions \u00bbKids\u00ab &amp; \u00bbTeens\u00ab | Short Film - LUCAS \u2013 Internationales Festival f\u00fcr junge Filmfans\" \/>\n<meta property=\"og:description\" content=\"[vc_row full_width=\u201cstretch_row\u201d disable_element=\u201cyes\u201d bg_type=\u201cbg_color\u201d bg_color_value=\u201d#48d1cc\u201d css=\u201d.vc_custom_1693005244942{padding-top: 20px !important;padding-bottom: 20px !important;}\u201d][vc_column][vc_column_text] Das Programm von LUCAS #46 wird Ende August ver\u00f6ffentlicht. Die Archiv-Seite liefert einen R\u00fcckblick auf die LUCAS-Ausgaben der vergangenen Jahre. [\/vc_column_text][vc_column_text] Im Zentrum von LUCAS ste\u00adhen die inter\u00adna\u00adtio\u00adna\u00adlen Wettbewerbe mit aktu\u00adel\u00adlen Lang- und Kurzfilmen. Die Jurys ver\u00adge\u00adben in den Sektionen \u00bbKids\u00ab, \u00bbTeens\u00ab und \u00bbYoungsters\u00ab&nbsp;attrak\u00adti\u00adve Preise. [&hellip;]\" \/>\n<meta property=\"og:url\" content=\"https:\/\/lucas-filmfestival.de\/en\/films\/competitions-short-film-kids-teens\/\" \/>\n<meta property=\"og:site_name\" content=\"LUCAS \u2013 Internationales Festival f\u00fcr junge Filmfans\" \/>\n<meta property=\"article:modified_time\" content=\"2025-09-25T19:22:51+00:00\" \/>\n<meta name=\"twitter:card\" content=\"summary_large_image\" \/>\n<meta name=\"twitter:label1\" content=\"Est. reading time\" \/>\n\t<meta name=\"twitter:data1\" content=\"1 minute\" \/>\n<script type=\"application\/ld+json\" class=\"yoast-schema-graph\">{\"@context\":\"https:\/\/schema.org\",\"@graph\":[{\"@type\":\"WebPage\",\"@id\":\"https:\/\/lucas-filmfestival.de\/en\/films\/competitions-short-film-kids-teens\/\",\"url\":\"https:\/\/lucas-filmfestival.de\/en\/films\/competitions-short-film-kids-teens\/\",\"name\":\"Competitions \u00bbKids\u00ab & \u00bbTeens\u00ab | Short Film - LUCAS \u2013 Internationales Festival f\u00fcr junge Filmfans\",\"isPartOf\":{\"@id\":\"https:\/\/lucas-filmfestival.de\/en\/#website\"},\"datePublished\":\"2023-07-21T12:07:50+00:00\",\"dateModified\":\"2025-09-25T19:22:51+00:00\",\"breadcrumb\":{\"@id\":\"https:\/\/lucas-filmfestival.de\/en\/films\/competitions-short-film-kids-teens\/#breadcrumb\"},\"inLanguage\":\"en-US\",\"potentialAction\":[{\"@type\":\"ReadAction\",\"target\":[\"https:\/\/lucas-filmfestival.de\/en\/films\/competitions-short-film-kids-teens\/\"]}]},{\"@type\":\"BreadcrumbList\",\"@id\":\"https:\/\/lucas-filmfestival.de\/en\/films\/competitions-short-film-kids-teens\/#breadcrumb\",\"itemListElement\":[{\"@type\":\"ListItem\",\"position\":1,\"name\":\"Home\",\"item\":\"https:\/\/lucas-filmfestival.de\/en\/\"},{\"@type\":\"ListItem\",\"position\":2,\"name\":\"Films\",\"item\":\"https:\/\/lucas-filmfestival.de\/en\/films\/\"},{\"@type\":\"ListItem\",\"position\":3,\"name\":\"Competitions \u00bbKids\u00ab &#038; \u00bbTeens\u00ab | Short Film\"}]},{\"@type\":\"WebSite\",\"@id\":\"https:\/\/lucas-filmfestival.de\/en\/#website\",\"url\":\"https:\/\/lucas-filmfestival.de\/en\/\",\"name\":\"LUCAS \u2013 Internationales Festival f\u00fcr junge Filmfans\",\"description\":\"Deutschlands \u00e4ltestes Filmfestival f\u00fcr junges Publikum. Das Programm richtet sich an alle von vier Jahren bis 18plus und pr\u00e4sentiert aktuelles internationales Filmschaffen \u2013 Spiel\u2011, Dokumentar\u2011, Animations- und Experimentalfilme. Herzst\u00fcck von LUCAS sind die Wettbewerbe in den Sektionen 8+, 13+ und 16+ | Youngsters.\",\"publisher\":{\"@id\":\"https:\/\/lucas-filmfestival.de\/en\/#organization\"},\"potentialAction\":[{\"@type\":\"SearchAction\",\"target\":{\"@type\":\"EntryPoint\",\"urlTemplate\":\"https:\/\/lucas-filmfestival.de\/en\/?s={search_term_string}\"},\"query-input\":{\"@type\":\"PropertyValueSpecification\",\"valueRequired\":true,\"valueName\":\"search_term_string\"}}],\"inLanguage\":\"en-US\"},{\"@type\":\"Organization\",\"@id\":\"https:\/\/lucas-filmfestival.de\/en\/#organization\",\"name\":\"LUCAS \u2013 Internationales Festival f\u00fcr junge Filmfans\",\"url\":\"https:\/\/lucas-filmfestival.de\/en\/\",\"logo\":{\"@type\":\"ImageObject\",\"inLanguage\":\"en-US\",\"@id\":\"https:\/\/lucas-filmfestival.de\/en\/#\/schema\/logo\/image\/\",\"url\":\"https:\/\/lucas-filmfestival.de\/medien\/2025\/05\/cropped-LucasLogo.jpg\",\"contentUrl\":\"https:\/\/lucas-filmfestival.de\/medien\/2025\/05\/cropped-LucasLogo.jpg\",\"width\":1090,\"height\":800,\"caption\":\"LUCAS \u2013 Internationales Festival f\u00fcr junge Filmfans\"},\"image\":{\"@id\":\"https:\/\/lucas-filmfestival.de\/en\/#\/schema\/logo\/image\/\"}}]}<\/script>\n<!-- \/ Yoast SEO plugin. -->","yoast_head_json":{"title":"Competitions \u00bbKids\u00ab & \u00bbTeens\u00ab | Short Film - LUCAS \u2013 Internationales Festival f\u00fcr junge Filmfans","robots":{"index":"index","follow":"follow","max-snippet":"max-snippet:-1","max-image-preview":"max-image-preview:large","max-video-preview":"max-video-preview:-1"},"canonical":"https:\/\/lucas-filmfestival.de\/en\/films\/competitions-short-film-kids-teens\/","og_locale":"en_US","og_type":"article","og_title":"Competitions \u00bbKids\u00ab & \u00bbTeens\u00ab | Short Film - LUCAS \u2013 Internationales Festival f\u00fcr junge Filmfans","og_description":"[vc_row full_width=\u201cstretch_row\u201d disable_element=\u201cyes\u201d bg_type=\u201cbg_color\u201d bg_color_value=\u201d#48d1cc\u201d css=\u201d.vc_custom_1693005244942{padding-top: 20px !important;padding-bottom: 20px !important;}\u201d][vc_column][vc_column_text] Das Programm von LUCAS #46 wird Ende August ver\u00f6ffentlicht. Die Archiv-Seite liefert einen R\u00fcckblick auf die LUCAS-Ausgaben der vergangenen Jahre. [\/vc_column_text][vc_column_text] Im Zentrum von LUCAS ste\u00adhen die inter\u00adna\u00adtio\u00adna\u00adlen Wettbewerbe mit aktu\u00adel\u00adlen Lang- und Kurzfilmen. Die Jurys ver\u00adge\u00adben in den Sektionen \u00bbKids\u00ab, \u00bbTeens\u00ab und \u00bbYoungsters\u00ab&nbsp;attrak\u00adti\u00adve Preise. [&hellip;]","og_url":"https:\/\/lucas-filmfestival.de\/en\/films\/competitions-short-film-kids-teens\/","og_site_name":"LUCAS \u2013 Internationales Festival f\u00fcr junge Filmfans","article_modified_time":"2025-09-25T19:22:51+00:00","twitter_card":"summary_large_image","twitter_misc":{"Est. reading time":"1 minute"},"schema":{"@context":"https:\/\/schema.org","@graph":[{"@type":"WebPage","@id":"https:\/\/lucas-filmfestival.de\/en\/films\/competitions-short-film-kids-teens\/","url":"https:\/\/lucas-filmfestival.de\/en\/films\/competitions-short-film-kids-teens\/","name":"Competitions \u00bbKids\u00ab & \u00bbTeens\u00ab | Short Film - LUCAS \u2013 Internationales Festival f\u00fcr junge Filmfans","isPartOf":{"@id":"https:\/\/lucas-filmfestival.de\/en\/#website"},"datePublished":"2023-07-21T12:07:50+00:00","dateModified":"2025-09-25T19:22:51+00:00","breadcrumb":{"@id":"https:\/\/lucas-filmfestival.de\/en\/films\/competitions-short-film-kids-teens\/#breadcrumb"},"inLanguage":"en-US","potentialAction":[{"@type":"ReadAction","target":["https:\/\/lucas-filmfestival.de\/en\/films\/competitions-short-film-kids-teens\/"]}]},{"@type":"BreadcrumbList","@id":"https:\/\/lucas-filmfestival.de\/en\/films\/competitions-short-film-kids-teens\/#breadcrumb","itemListElement":[{"@type":"ListItem","position":1,"name":"Home","item":"https:\/\/lucas-filmfestival.de\/en\/"},{"@type":"ListItem","position":2,"name":"Films","item":"https:\/\/lucas-filmfestival.de\/en\/films\/"},{"@type":"ListItem","position":3,"name":"Competitions \u00bbKids\u00ab &#038; \u00bbTeens\u00ab | Short Film"}]},{"@type":"WebSite","@id":"https:\/\/lucas-filmfestival.de\/en\/#website","url":"https:\/\/lucas-filmfestival.de\/en\/","name":"LUCAS \u2013 Internationales Festival f\u00fcr junge Filmfans","description":"Deutschlands \u00e4ltestes Filmfestival f\u00fcr junges Publikum. Das Programm richtet sich an alle von vier Jahren bis 18plus und pr\u00e4sentiert aktuelles internationales Filmschaffen \u2013 Spiel\u2011, Dokumentar\u2011, Animations- und Experimentalfilme. Herzst\u00fcck von LUCAS sind die Wettbewerbe in den Sektionen 8+, 13+ und 16+ | Youngsters.","publisher":{"@id":"https:\/\/lucas-filmfestival.de\/en\/#organization"},"potentialAction":[{"@type":"SearchAction","target":{"@type":"EntryPoint","urlTemplate":"https:\/\/lucas-filmfestival.de\/en\/?s={search_term_string}"},"query-input":{"@type":"PropertyValueSpecification","valueRequired":true,"valueName":"search_term_string"}}],"inLanguage":"en-US"},{"@type":"Organization","@id":"https:\/\/lucas-filmfestival.de\/en\/#organization","name":"LUCAS \u2013 Internationales Festival f\u00fcr junge Filmfans","url":"https:\/\/lucas-filmfestival.de\/en\/","logo":{"@type":"ImageObject","inLanguage":"en-US","@id":"https:\/\/lucas-filmfestival.de\/en\/#\/schema\/logo\/image\/","url":"https:\/\/lucas-filmfestival.de\/medien\/2025\/05\/cropped-LucasLogo.jpg","contentUrl":"https:\/\/lucas-filmfestival.de\/medien\/2025\/05\/cropped-LucasLogo.jpg","width":1090,"height":800,"caption":"LUCAS \u2013 Internationales Festival f\u00fcr junge Filmfans"},"image":{"@id":"https:\/\/lucas-filmfestival.de\/en\/#\/schema\/logo\/image\/"}}]}},"_links":{"self":[{"href":"https:\/\/lucas-filmfestival.de\/en\/wp-json\/wp\/v2\/pages\/16381","targetHints":{"allow":["GET"]}}],"collection":[{"href":"https:\/\/lucas-filmfestival.de\/en\/wp-json\/wp\/v2\/pages"}],"about":[{"href":"https:\/\/lucas-filmfestival.de\/en\/wp-json\/wp\/v2\/types\/page"}],"author":[{"embeddable":true,"href":"https:\/\/lucas-filmfestival.de\/en\/wp-json\/wp\/v2\/users\/14"}],"replies":[{"embeddable":true,"href":"https:\/\/lucas-filmfestival.de\/en\/wp-json\/wp\/v2\/comments?post=16381"}],"version-history":[{"count":5,"href":"https:\/\/lucas-filmfestival.de\/en\/wp-json\/wp\/v2\/pages\/16381\/revisions"}],"predecessor-version":[{"id":25929,"href":"https:\/\/lucas-filmfestival.de\/en\/wp-json\/wp\/v2\/pages\/16381\/revisions\/25929"}],"up":[{"embeddable":true,"href":"https:\/\/lucas-filmfestival.de\/en\/wp-json\/wp\/v2\/pages\/4279"}],"wp:attachment":[{"href":"https:\/\/lucas-filmfestival.de\/en\/wp-json\/wp\/v2\/media?parent=16381"}],"curies":[{"name":"wp","href":"https:\/\/api.w.org\/{rel}","templated":true}]}}