{"id":18397,"date":"2021-09-29T12:18:54","date_gmt":"2021-09-29T12:18:54","guid":{"rendered":"https:\/\/lucas-filmfestival.de\/film-sponsors\/"},"modified":"2025-09-14T21:42:55","modified_gmt":"2025-09-14T21:42:55","slug":"film-patronship","status":"publish","type":"page","link":"https:\/\/lucas-filmfestival.de\/en\/film-patronship\/","title":{"rendered":"Film Patronship"},"content":{"rendered":"<div class=\"wpb-content-wrapper\"><p>[vc_row full_width=\u201cstretch_row\u201d bg_type=\u201cbg_color\u201d css=\u201d.vc_custom_1630486510707{padding-top: 40px !important;padding-bottom: 40px !important;background-color: #ffd700 !important;}\u201d bg_color_value=\u201c#ffd700\u201d][vc_column][vc_column_text]<\/p>\n<h1 style=\"text-align: center;\"><strong>Film sponsors for <a href=\"https:\/\/lucas-filmfestival.de\/en\/film-2021\/mission-ulja-funk\/\">MISSION ULJA&nbsp;FUNK<\/a><\/strong><\/h1>\n<p style=\"text-align: center;\">Online pre\u00adsen\u00adta\u00adti\u00adon by stu\u00addents of the <strong><a href=\"https:\/\/www.fis.edu\/\">Frankfurt International School<\/a><\/strong><\/p>\n<p>[\/vc_column_text][\/vc_column][\/vc_row][vc_row full_width=\u201cstretch_row\u201d css=\u201d.vc_custom_1630486399200{padding-top: 80px !important;padding-bottom: 80px !important;background-color: #ff6347 !important;}\u201d][vc_column][vc_row_inner][vc_column_inner][vc_column_text]<\/p>\n<h1 style=\"text-align: center;\"><strong>\u201cItinerary\u201d project group<\/strong><\/h1>\n<p style=\"text-align: center;\">Quotes:<\/p>\n<p style=\"text-align: center;\">Conversation among stu\u00addents: \u201cWas the\u00adre a petrol sta\u00adti\u00adon or not?\u201d \u201cThere must have been one, becau\u00adse other\u00adwi\u00adse they would\u00adn\u2019t have got\u00adten to Belarus.\u201d \u201cThen why did\u00adn\u2019t they see it?\u201d \u201cBecause it was\u00adn\u2019t important. You know that&nbsp;too.\u201d<\/p>\n<p style=\"text-align: center;\">\u201cWhen we loo\u00adked at each stop again and tal\u00adked about it, we were able to under\u00adstand the jour\u00adney and the rou\u00adte better.\u201d<\/p>\n<p>[\/vc_column_text][\/vc_column_inner][\/vc_row_inner][vc_row_inner][vc_column_inner width=\u201c1\/3\u201d][\/vc_column_inner][vc_column_inner width=\u201c1\/3\u201d][vc_images_carousel images=\u201c8153,8151,8149,8147,8145,8143,8141,8139,8137,8135,8133\u201d img_size=\u201c600x400\u201d][\/vc_column_inner][vc_column_inner width=\u201c1\/3\u201d][\/vc_column_inner][\/vc_row_inner][\/vc_column][\/vc_row][vc_row full_width=\u201cstretch_row\u201d css=\u201d.vc_custom_1633267527979{padding-top: 80px !important;padding-bottom: 80px !important;background-color: #48d1cc !important;}\u201d][vc_column][vc_row_inner][vc_column_inner][vc_column_text]<\/p>\n<h1 style=\"text-align: center;\"><strong>Project group \u201cprofiles\u201d<\/strong><\/h1>\n<p style=\"text-align: center;\">Quotes:<\/p>\n<p style=\"text-align: center;\">\u201cThe rese\u00adar\u00adcher Einar was only men\u00adtio\u00adned very litt\u00adle, but he was very important. Because of what he said, Ulja wan\u00adted to go to Patzschurk.\u201d<\/p>\n<p style=\"text-align: center;\">\u201cI thought about why Grandma did\u00adn\u2019t want to go back to Belarus.\u201d<\/p>\n<p style=\"text-align: center;\">\u201cIt was hel\u00adpful to do the pro\u00adfiles becau\u00adse the more I thought about a per\u00adson, the more I rea\u00adli\u00adzed about the character.\u201d<\/p>\n<p>[\/vc_column_text][\/vc_column_inner][\/vc_row_inner][vc_row_inner][vc_column_inner width=\u201c1\/3\u201d][\/vc_column_inner][vc_column_inner width=\u201c1\/3\u201d][vc_images_carousel images=\u201c8159,8161,8163,8165,8167\u201d img_size=\u201c600x400\u201d][\/vc_column_inner][vc_column_inner width=\u201c1\/3\u201d][\/vc_column_inner][\/vc_row_inner][\/vc_column][\/vc_row][vc_row full_width=\u201cstretch_row\u201d css=\u201d.vc_custom_1633267544371{padding-top: 80px !important;padding-bottom: 80px !important;background-color: #ffd700 !important;}\u201d][vc_column][vc_row_inner][vc_column_inner][vc_column_text]<\/p>\n<h1 style=\"text-align: center;\"><strong>Detective wall\u201d project group<\/strong><\/h1>\n<p style=\"text-align: center;\">Quotes:<\/p>\n<p style=\"text-align: center;\">\u201cWe thought about faith and sci\u00adence. Some say in the movie that the meteo\u00adri\u00adte is a sign from God, but Ulja thinks as a scientist.\u201d<\/p>\n<p style=\"text-align: center;\">\u201cI don\u2019t think Grandma Olga should say that cle\u00adver girls can\u2019t find a&nbsp;man.\u201d<\/p>\n<p style=\"text-align: center;\">\u201cYou can see bet\u00adter how the peo\u00adp\u00adle are rela\u00adted and connected.\u201d<\/p>\n<p>[\/vc_column_text][\/vc_column_inner][\/vc_row_inner][vc_row_inner][vc_column_inner width=\u201c1\/3\u201d][\/vc_column_inner][vc_column_inner width=\u201c1\/3\u201d][vc_images_carousel images=\u201c8170,8172,8174,8176,8178,8180,8182\u201d img_size=\u201c600x400\u201d][\/vc_column_inner][vc_column_inner width=\u201c1\/3\u201d][\/vc_column_inner][\/vc_row_inner][\/vc_column][\/vc_row]<\/p>\n<\/div>","protected":false},"excerpt":{"rendered":"<p>[vc_row full_width=\u201cstretch_row\u201d bg_type=\u201cbg_color\u201d css=\u201d.vc_custom_1630486510707{padding-top: 40px !important;padding-bottom: 40px !important;background-color: #ffd700 !important;}\u201d bg_color_value=\u201c#ffd700\u201d][vc_column][vc_column_text] Film spon\u00adsors for MISSION ULJA&nbsp;FUNK Online pre\u00adsen\u00adta\u00adti\u00adon by stu\u00addents of the Frankfurt International School [\/vc_column_text][\/vc_column][\/vc_row][vc_row full_width=\u201cstretch_row\u201d css=\u201d.vc_custom_1630486399200{padding-top: 80px !important;padding-bottom: 80px !important;background-color: #ff6347 !important;}\u201d][vc_column][vc_row_inner][vc_column_inner][vc_column_text] \u201cItinerary\u201d pro\u00adject group Quotes: Conversation among stu\u00addents: \u201cWas the\u00adre a petrol sta\u00adti\u00adon or not?\u201d \u201cThere must have been one, becau\u00adse otherwise&nbsp;[\u2026]<\/p>\n","protected":false},"author":14,"featured_media":0,"parent":0,"menu_order":0,"comment_status":"closed","ping_status":"closed","template":"","meta":{"_lmt_disableupdate":"no","_lmt_disable":"","wp_typography_post_enhancements_disabled":false,"site-sidebar-layout":"no-sidebar","site-content-layout":"plain-container","ast-site-content-layout":"normal-width-container","site-content-style":"unboxed","site-sidebar-style":"unboxed","ast-global-header-display":"","ast-banner-title-visibility":"","ast-main-header-display":"","ast-hfb-above-header-display":"","ast-hfb-below-header-display":"","ast-hfb-mobile-header-display":"","site-post-title":"disabled","ast-breadcrumbs-content":"","ast-featured-img":"disabled","footer-sml-layout":"","ast-disable-related-posts":"","theme-transparent-header-meta":"default","adv-header-id-meta":"","stick-header-meta":"default","header-above-stick-meta":"","header-main-stick-meta":"","header-below-stick-meta":"","astra-migrate-meta-layouts":"set","ast-page-background-enabled":"default","ast-page-background-meta":{"desktop":{"background-color":"var(--ast-global-color-4)","background-image":"","background-repeat":"repeat","background-position":"center center","background-size":"auto","background-attachment":"scroll","background-type":"","background-media":"","overlay-type":"","overlay-color":"","overlay-opacity":"","overlay-gradient":""},"tablet":{"background-color":"","background-image":"","background-repeat":"repeat","background-position":"center center","background-size":"auto","background-attachment":"scroll","background-type":"","background-media":"","overlay-type":"","overlay-color":"","overlay-opacity":"","overlay-gradient":""},"mobile":{"background-color":"","background-image":"","background-repeat":"repeat","background-position":"center center","background-size":"auto","background-attachment":"scroll","background-type":"","background-media":"","overlay-type":"","overlay-color":"","overlay-opacity":"","overlay-gradient":""}},"ast-content-background-meta":{"desktop":{"background-color":"var(--ast-global-color-5)","background-image":"","background-repeat":"repeat","background-position":"center center","background-size":"auto","background-attachment":"scroll","background-type":"","background-media":"","overlay-type":"","overlay-color":"","overlay-opacity":"","overlay-gradient":""},"tablet":{"background-color":"var(--ast-global-color-5)","background-image":"","background-repeat":"repeat","background-position":"center center","background-size":"auto","background-attachment":"scroll","background-type":"","background-media":"","overlay-type":"","overlay-color":"","overlay-opacity":"","overlay-gradient":""},"mobile":{"background-color":"var(--ast-global-color-5)","background-image":"","background-repeat":"repeat","background-position":"center center","background-size":"auto","background-attachment":"scroll","background-type":"","background-media":"","overlay-type":"","overlay-color":"","overlay-opacity":"","overlay-gradient":""}},"footnotes":""},"class_list":["post-18397","page","type-page","status-publish","hentry"],"yoast_head":"<!-- This site is optimized with the Yoast SEO plugin v26.7 - https:\/\/yoast.com\/wordpress\/plugins\/seo\/ -->\n<title>Film Patronship - LUCAS \u2013 Internationales Festival f\u00fcr junge Filmfans<\/title>\n<meta name=\"robots\" content=\"index, follow, max-snippet:-1, max-image-preview:large, max-video-preview:-1\" \/>\n<link rel=\"canonical\" href=\"https:\/\/lucas-filmfestival.de\/en\/film-patronship\/\" \/>\n<meta property=\"og:locale\" content=\"en_US\" \/>\n<meta property=\"og:type\" content=\"article\" \/>\n<meta property=\"og:title\" content=\"Film Patronship - LUCAS \u2013 Internationales Festival f\u00fcr junge Filmfans\" \/>\n<meta property=\"og:description\" content=\"[vc_row full_width=\u201cstretch_row\u201d bg_type=\u201cbg_color\u201d css=\u201d.vc_custom_1630486510707{padding-top: 40px !important;padding-bottom: 40px !important;background-color: #ffd700 !important;}\u201d bg_color_value=\u201c#ffd700\u201d][vc_column][vc_column_text] Film sponsors for MISSION ULJA&nbsp;FUNK Online pre\u00adsen\u00adta\u00adti\u00adon by stu\u00addents of the Frankfurt International School [\/vc_column_text][\/vc_column][\/vc_row][vc_row full_width=\u201cstretch_row\u201d css=\u201d.vc_custom_1630486399200{padding-top: 80px !important;padding-bottom: 80px !important;background-color: #ff6347 !important;}\u201d][vc_column][vc_row_inner][vc_column_inner][vc_column_text] \u201cItinerary\u201d project group Quotes: Conversation among stu\u00addents: \u201cWas the\u00adre a petrol sta\u00adti\u00adon or not?\u201d \u201cThere must have been one, becau\u00adse other\u00adwi\u00adse [&hellip;]\" \/>\n<meta property=\"og:url\" content=\"https:\/\/lucas-filmfestival.de\/en\/film-patronship\/\" \/>\n<meta property=\"og:site_name\" content=\"LUCAS \u2013 Internationales Festival f\u00fcr junge Filmfans\" \/>\n<meta property=\"article:modified_time\" content=\"2025-09-14T21:42:55+00:00\" \/>\n<meta name=\"twitter:card\" content=\"summary_large_image\" \/>\n<meta name=\"twitter:label1\" content=\"Est. reading time\" \/>\n\t<meta name=\"twitter:data1\" content=\"2 minutes\" \/>\n<script type=\"application\/ld+json\" class=\"yoast-schema-graph\">{\"@context\":\"https:\/\/schema.org\",\"@graph\":[{\"@type\":\"WebPage\",\"@id\":\"https:\/\/lucas-filmfestival.de\/en\/film-patronship\/\",\"url\":\"https:\/\/lucas-filmfestival.de\/en\/film-patronship\/\",\"name\":\"Film Patronship - LUCAS \u2013 Internationales Festival f\u00fcr junge Filmfans\",\"isPartOf\":{\"@id\":\"https:\/\/lucas-filmfestival.de\/en\/#website\"},\"datePublished\":\"2021-09-29T12:18:54+00:00\",\"dateModified\":\"2025-09-14T21:42:55+00:00\",\"breadcrumb\":{\"@id\":\"https:\/\/lucas-filmfestival.de\/en\/film-patronship\/#breadcrumb\"},\"inLanguage\":\"en-US\",\"potentialAction\":[{\"@type\":\"ReadAction\",\"target\":[\"https:\/\/lucas-filmfestival.de\/en\/film-patronship\/\"]}]},{\"@type\":\"BreadcrumbList\",\"@id\":\"https:\/\/lucas-filmfestival.de\/en\/film-patronship\/#breadcrumb\",\"itemListElement\":[{\"@type\":\"ListItem\",\"position\":1,\"name\":\"Home\",\"item\":\"https:\/\/lucas-filmfestival.de\/en\/\"},{\"@type\":\"ListItem\",\"position\":2,\"name\":\"Film Patronship\"}]},{\"@type\":\"WebSite\",\"@id\":\"https:\/\/lucas-filmfestival.de\/en\/#website\",\"url\":\"https:\/\/lucas-filmfestival.de\/en\/\",\"name\":\"LUCAS \u2013 Internationales Festival f\u00fcr junge Filmfans\",\"description\":\"Deutschlands \u00e4ltestes Filmfestival f\u00fcr junges Publikum. Das Programm richtet sich an alle von vier Jahren bis 18plus und pr\u00e4sentiert aktuelles internationales Filmschaffen \u2013 Spiel\u2011, Dokumentar\u2011, Animations- und Experimentalfilme. Herzst\u00fcck von LUCAS sind die Wettbewerbe in den Sektionen 8+, 13+ und 16+ | Youngsters.\",\"publisher\":{\"@id\":\"https:\/\/lucas-filmfestival.de\/en\/#organization\"},\"potentialAction\":[{\"@type\":\"SearchAction\",\"target\":{\"@type\":\"EntryPoint\",\"urlTemplate\":\"https:\/\/lucas-filmfestival.de\/en\/?s={search_term_string}\"},\"query-input\":{\"@type\":\"PropertyValueSpecification\",\"valueRequired\":true,\"valueName\":\"search_term_string\"}}],\"inLanguage\":\"en-US\"},{\"@type\":\"Organization\",\"@id\":\"https:\/\/lucas-filmfestival.de\/en\/#organization\",\"name\":\"LUCAS \u2013 Internationales Festival f\u00fcr junge Filmfans\",\"url\":\"https:\/\/lucas-filmfestival.de\/en\/\",\"logo\":{\"@type\":\"ImageObject\",\"inLanguage\":\"en-US\",\"@id\":\"https:\/\/lucas-filmfestival.de\/en\/#\/schema\/logo\/image\/\",\"url\":\"https:\/\/lucas-filmfestival.de\/medien\/2025\/05\/cropped-LucasLogo.jpg\",\"contentUrl\":\"https:\/\/lucas-filmfestival.de\/medien\/2025\/05\/cropped-LucasLogo.jpg\",\"width\":1090,\"height\":800,\"caption\":\"LUCAS \u2013 Internationales Festival f\u00fcr junge Filmfans\"},\"image\":{\"@id\":\"https:\/\/lucas-filmfestival.de\/en\/#\/schema\/logo\/image\/\"}}]}<\/script>\n<!-- \/ Yoast SEO plugin. -->","yoast_head_json":{"title":"Film Patronship - LUCAS \u2013 Internationales Festival f\u00fcr junge Filmfans","robots":{"index":"index","follow":"follow","max-snippet":"max-snippet:-1","max-image-preview":"max-image-preview:large","max-video-preview":"max-video-preview:-1"},"canonical":"https:\/\/lucas-filmfestival.de\/en\/film-patronship\/","og_locale":"en_US","og_type":"article","og_title":"Film Patronship - LUCAS \u2013 Internationales Festival f\u00fcr junge Filmfans","og_description":"[vc_row full_width=\u201cstretch_row\u201d bg_type=\u201cbg_color\u201d css=\u201d.vc_custom_1630486510707{padding-top: 40px !important;padding-bottom: 40px !important;background-color: #ffd700 !important;}\u201d bg_color_value=\u201c#ffd700\u201d][vc_column][vc_column_text] Film sponsors for MISSION ULJA&nbsp;FUNK Online pre\u00adsen\u00adta\u00adti\u00adon by stu\u00addents of the Frankfurt International School [\/vc_column_text][\/vc_column][\/vc_row][vc_row full_width=\u201cstretch_row\u201d css=\u201d.vc_custom_1630486399200{padding-top: 80px !important;padding-bottom: 80px !important;background-color: #ff6347 !important;}\u201d][vc_column][vc_row_inner][vc_column_inner][vc_column_text] \u201cItinerary\u201d project group Quotes: Conversation among stu\u00addents: \u201cWas the\u00adre a petrol sta\u00adti\u00adon or not?\u201d \u201cThere must have been one, becau\u00adse other\u00adwi\u00adse [&hellip;]","og_url":"https:\/\/lucas-filmfestival.de\/en\/film-patronship\/","og_site_name":"LUCAS \u2013 Internationales Festival f\u00fcr junge Filmfans","article_modified_time":"2025-09-14T21:42:55+00:00","twitter_card":"summary_large_image","twitter_misc":{"Est. reading time":"2 minutes"},"schema":{"@context":"https:\/\/schema.org","@graph":[{"@type":"WebPage","@id":"https:\/\/lucas-filmfestival.de\/en\/film-patronship\/","url":"https:\/\/lucas-filmfestival.de\/en\/film-patronship\/","name":"Film Patronship - LUCAS \u2013 Internationales Festival f\u00fcr junge Filmfans","isPartOf":{"@id":"https:\/\/lucas-filmfestival.de\/en\/#website"},"datePublished":"2021-09-29T12:18:54+00:00","dateModified":"2025-09-14T21:42:55+00:00","breadcrumb":{"@id":"https:\/\/lucas-filmfestival.de\/en\/film-patronship\/#breadcrumb"},"inLanguage":"en-US","potentialAction":[{"@type":"ReadAction","target":["https:\/\/lucas-filmfestival.de\/en\/film-patronship\/"]}]},{"@type":"BreadcrumbList","@id":"https:\/\/lucas-filmfestival.de\/en\/film-patronship\/#breadcrumb","itemListElement":[{"@type":"ListItem","position":1,"name":"Home","item":"https:\/\/lucas-filmfestival.de\/en\/"},{"@type":"ListItem","position":2,"name":"Film Patronship"}]},{"@type":"WebSite","@id":"https:\/\/lucas-filmfestival.de\/en\/#website","url":"https:\/\/lucas-filmfestival.de\/en\/","name":"LUCAS \u2013 Internationales Festival f\u00fcr junge Filmfans","description":"Deutschlands \u00e4ltestes Filmfestival f\u00fcr junges Publikum. Das Programm richtet sich an alle von vier Jahren bis 18plus und pr\u00e4sentiert aktuelles internationales Filmschaffen \u2013 Spiel\u2011, Dokumentar\u2011, Animations- und Experimentalfilme. Herzst\u00fcck von LUCAS sind die Wettbewerbe in den Sektionen 8+, 13+ und 16+ | Youngsters.","publisher":{"@id":"https:\/\/lucas-filmfestival.de\/en\/#organization"},"potentialAction":[{"@type":"SearchAction","target":{"@type":"EntryPoint","urlTemplate":"https:\/\/lucas-filmfestival.de\/en\/?s={search_term_string}"},"query-input":{"@type":"PropertyValueSpecification","valueRequired":true,"valueName":"search_term_string"}}],"inLanguage":"en-US"},{"@type":"Organization","@id":"https:\/\/lucas-filmfestival.de\/en\/#organization","name":"LUCAS \u2013 Internationales Festival f\u00fcr junge Filmfans","url":"https:\/\/lucas-filmfestival.de\/en\/","logo":{"@type":"ImageObject","inLanguage":"en-US","@id":"https:\/\/lucas-filmfestival.de\/en\/#\/schema\/logo\/image\/","url":"https:\/\/lucas-filmfestival.de\/medien\/2025\/05\/cropped-LucasLogo.jpg","contentUrl":"https:\/\/lucas-filmfestival.de\/medien\/2025\/05\/cropped-LucasLogo.jpg","width":1090,"height":800,"caption":"LUCAS \u2013 Internationales Festival f\u00fcr junge Filmfans"},"image":{"@id":"https:\/\/lucas-filmfestival.de\/en\/#\/schema\/logo\/image\/"}}]}},"_links":{"self":[{"href":"https:\/\/lucas-filmfestival.de\/en\/wp-json\/wp\/v2\/pages\/18397","targetHints":{"allow":["GET"]}}],"collection":[{"href":"https:\/\/lucas-filmfestival.de\/en\/wp-json\/wp\/v2\/pages"}],"about":[{"href":"https:\/\/lucas-filmfestival.de\/en\/wp-json\/wp\/v2\/types\/page"}],"author":[{"embeddable":true,"href":"https:\/\/lucas-filmfestival.de\/en\/wp-json\/wp\/v2\/users\/14"}],"replies":[{"embeddable":true,"href":"https:\/\/lucas-filmfestival.de\/en\/wp-json\/wp\/v2\/comments?post=18397"}],"version-history":[{"count":4,"href":"https:\/\/lucas-filmfestival.de\/en\/wp-json\/wp\/v2\/pages\/18397\/revisions"}],"predecessor-version":[{"id":25495,"href":"https:\/\/lucas-filmfestival.de\/en\/wp-json\/wp\/v2\/pages\/18397\/revisions\/25495"}],"wp:attachment":[{"href":"https:\/\/lucas-filmfestival.de\/en\/wp-json\/wp\/v2\/media?parent=18397"}],"curies":[{"name":"wp","href":"https:\/\/api.w.org\/{rel}","templated":true}]}}