{"id":5716,"date":"2021-03-19T13:49:09","date_gmt":"2021-03-19T13:49:09","guid":{"rendered":"https:\/\/lucas-filmfestival.de\/rundum\/"},"modified":"2025-09-14T21:17:31","modified_gmt":"2025-09-14T21:17:31","slug":"events-specials","status":"publish","type":"page","link":"https:\/\/lucas-filmfestival.de\/en\/events-specials\/","title":{"rendered":"Events &amp; Specials"},"content":{"rendered":"<div class=\"wpb-content-wrapper\"><p>[vc_row full_width=\u201cstretch_row\u201d css=\u201d.vc_custom_1624882840063{padding-top: 70px !important;background-color: #48d1cc !important;}\u201d el_id=\u201cevents\u201d][vc_column][vc_row_inner][vc_column_inner][vc_column_text]<\/p>\n<h1>Events<\/h1>\n<p>[\/vc_column_text][vc_basic_grid post_type=\u201cpost\u201d max_items=\u201c10\u201d item=\u201c6255\u201d grid_id=\u201cvc_gid:1757884625228-d722c78c-5534\u20138\u201d taxonomies=\u201c540\u201d][vc_empty_space][\/vc_column_inner][\/vc_row_inner][\/vc_column][\/vc_row][vc_row full_width=\u201cstretch_row\u201d css=\u201d.vc_custom_1709203957498{padding-top: 70px !important;padding-bottom: 70px !important;background-image: url(https:\/\/lucas-filmfestival.de\/medien\/2021\/03\/fassade-uwe-dettmar-dff-v2-1920px.jpg?id=884) !important;}\u201d el_class=\u201chintergrund\u201d el_id=\u201cfestival sunday\u201d][vc_column][vc_row_inner css=\u201d.vc_custom_1629272269820{padding-top: 20px !important;padding-right: 20px !important;padding-bottom: 20px !important;padding-left: 20px !important;background-color: rgba(255,255,255,0.8) !important;*background-color: rgb(255,255,255) !important;}\u201d][vc_column_inner][vc_column_text]<\/p>\n<h1>LUCAS for Families<\/h1>\n<p>[\/vc_column_text][vc_basic_grid post_type=\u201cpost\u201d max_items=\u201c-1\u201d style=\u201cload-more\u201d items_per_page=\u201c9\u201d item=\u201c6255\u201d initial_loading_animation=\u201cnone\u201d btn_style=\u201cmodern\u201d btn_color=\u201cdefault\u201d btn_size=\u201cxs\u201d grid_id=\u201cvc_gid:1757884625229\u20132a7dd9da-7f06\u20118\u201d taxonomies=\u201c459\u201d][\/vc_column_inner][\/vc_row_inner][\/vc_column][\/vc_row][vc_row full_width=\u201cstretch_row\u201d disable_element=\u201cyes\u201d css=\u201d.vc_custom_1756805632913{padding-top: 70px !important;padding-bottom: 70px !important;background-color: #ffd700 !important;}\u201d el_id=\u201cpanel\u201d][vc_column][vc_row_inner css=\u201d.vc_custom_1661955462617{padding-top: 20px !important;padding-right: 20px !important;padding-bottom: 20px !important;padding-left: 20px !important;background-color: rgba(255,255,255,0.8) !important;*background-color: rgb(255,255,255) !important;}\u201d][vc_column_inner][vc_column_text]<\/p>\n<h1>Panel<\/h1>\n<p>[\/vc_column_text][vc_basic_grid post_type=\u201cpost\u201d max_items=\u201c-1\u201d item=\u201c1013\u201d grid_id=\u201cvc_gid:1757884625229\u2013799c1a31-8f36\u20114\u201d taxonomies=\u201c391\u201d][\/vc_column_inner][\/vc_row_inner][\/vc_column][\/vc_row][vc_row full_width=\u201cstretch_row\u201d bg_type=\u201cimage\u201d parallax_style=\u201cvcpb-default\u201d css=\u201d.vc_custom_1757884650113{padding-top: 70px !important;padding-bottom: 70px !important;background-color: #ffd700 !important;}\u201d el_class=\u201chintergrund\u201d el_id=\u201ccooperations\u201d][vc_column][vc_row_inner css=\u201d.vc_custom_1663749614435{padding-top: 20px !important;padding-right: 20px !important;padding-bottom: 20px !important;padding-left: 20px !important;background-color: rgba(255,255,255,0.8) !important;*background-color: rgb(255,255,255) !important;}\u201d][vc_column_inner][vc_column_text]<\/p>\n<h1>Cooperations<\/h1>\n<p>[\/vc_column_text][vc_basic_grid post_type=\u201cpost\u201d max_items=\u201c-1\u201d item=\u201c6255\u201d grid_id=\u201cvc_gid:1757884625229-ad327683-a37a\u20110\u201d taxonomies=\u201c308\u201d][\/vc_column_inner][\/vc_row_inner][\/vc_column][\/vc_row][vc_row full_width=\u201cstretch_row\u201d disable_element=\u201cyes\u201d css=\u201d.vc_custom_1678273977954{padding-top: 70px !important;padding-bottom: 70px !important;background-color: #ff6347 !important;}\u201d el_class=\u201chintergrund\u201d el_id=\u201cfurther training\u201d][vc_column][vc_row_inner css=\u201d.vc_custom_1678276281644{padding-top: 20px !important;padding-right: 20px !important;padding-bottom: 20px !important;padding-left: 20px !important;background-color: rgba(255,255,255,0.8) !important;*background-color: rgb(255,255,255) !important;}\u201d][vc_column_inner][vc_column_text]<\/p>\n<h1><b>Further Training for Teachers&nbsp;<\/b><\/h1>\n<p>As part of a coope\u00adra\u00adti\u00adon bet\u00adween the DFF \u2013 Deutsches Filminstitut Filmmuseum and the Hessische Lehrkr\u00e4fteakademie, LUCAS is now offe\u00adring online trai\u00adning semi\u00adnars that pro\u00advi\u00adde an intro\u00adduc\u00adtion to topics rela\u00adting to film edu\u00adca\u00adti\u00adon and film fes\u00adti\u00advals. This is the ide\u00adal intro\u00adduc\u00adtion for tea\u00adchers to get to know LUCAS bet\u00adter and to use the gre\u00adat added value of film in the class\u00adroom. All trai\u00adning cour\u00adses are free of char\u00adge for tea\u00adchers in Hesse and can be boo\u00adked inde\u00adpendent\u00adly and fle\u00adxi\u00adbly via the weekly sche\u00addu\u00adle on the school por\u00adtal. All trai\u00adning cour\u00adses are accre\u00addi\u00adted by the Hessische Lehrkr\u00e4fteakademie.[\/vc_column_text][vc_toggle title=\u201cCurrent Dates and Registration\u201d]The trai\u00adning cour\u00adses for tea\u00adchers can be found on the Wochenplan offer page: <a href=\"https:\/\/schulportal.hessen.de\/fortbildungen\/angebote\/\">Advanced trai\u00adning search \u2014 Schulportal Hessen<\/a> Search key\u00adwords are the cour\u00adse for\u00admats <strong>LUCAS<\/strong>, <strong>film fes\u00adti\u00adval <\/strong>and <strong>film edu\u00adca\u00adti\u00adon.<\/strong> We look for\u00adward to wel\u00adco\u00adming you to the 47th edi\u00adti\u00adon of LUCAS \u2014 International Festival for Young Film Lovers in the fall. Further infor\u00adma\u00adti\u00adon and regis\u00adtra\u00adti\u00adon: <strong>s.schmidt@dff.film | 069 961 220672<\/strong><strong>We will inform you about the next dates soon.<\/strong>[\/vc_toggle][\/vc_column_inner][\/vc_row_inner][vc_row_inner disable_element=\u201cyes\u201d css=\u201d.vc_custom_1661424855932{padding-top: 20px !important;padding-right: 20px !important;padding-bottom: 20px !important;padding-left: 20px !important;background-color: rgba(255,255,255,0.8) !important;*background-color: rgb(255,255,255) !important;}\u201d][vc_column_inner][vc_column_text]<\/p>\n<h1><b>Further Training for Teachers&nbsp;<\/b><\/h1>\n<p>As part of a coope\u00adra\u00adti\u00adon bet\u00adween the DFF \u2013 Deutsches Filminstitut Filmmuseum and the Hessische Lehrkr\u00e4fteakademie, LUCAS is now offe\u00adring online trai\u00adning semi\u00adnars that pro\u00advi\u00adde an intro\u00adduc\u00adtion to topics rela\u00adting to film edu\u00adca\u00adti\u00adon and film fes\u00adti\u00advals. This is the ide\u00adal intro\u00adduc\u00adtion for tea\u00adchers to get to know LUCAS bet\u00adter and to use the gre\u00adat added value of film in the class\u00adroom. All trai\u00adning cour\u00adses are free of char\u00adge for tea\u00adchers in Hesse and can be boo\u00adked inde\u00adpendent\u00adly and fle\u00adxi\u00adbly via the weekly sche\u00addu\u00adle on the school por\u00adtal. All trai\u00adning cour\u00adses are accre\u00addi\u00adted by the Hessische Lehrkr\u00e4fteakademie.[\/vc_column_text][vc_toggle title=\u201cCurrent Dates and Registration\u201d]The trai\u00adning cour\u00adses can be found on the offer page of the weekly sche\u00addu\u00adle: <a href=\"https:\/\/schulportal.hessen.de\/fortbildungen\/angebote\/\">Advanced trai\u00adning search \u2013 Schulportal Hessen<\/a> Search key\u00adwords are the cour\u00adse for\u00admats <strong>LUCAS<\/strong>, <strong>film fes\u00adti\u00adval <\/strong>and <strong>film edu\u00adca\u00adti\u00adon.<\/strong> We look for\u00adward to wel\u00adco\u00adming you to the 47th edi\u00adti\u00adon of LUCAS \u2014 International Festival for Young Film Fans in the fall. Further infor\u00adma\u00adti\u00adon and regis\u00adtra\u00adti\u00adon: <strong>s.schmidt@dff.film | 069 961 220 672<\/strong>[\/vc_toggle][vc_toggle title=\u201cBelow you will find the trai\u00adning cour\u00adses that take place regularly:\u201d]<\/p>\n<ul>\n<li>An advan\u00adced trai\u00adning cour\u00adse on<strong> film juries<\/strong> tea\u00adches what con\u00adsti\u00adtu\u00adtes jury work and com\u00admu\u00adni\u00adca\u00adti\u00adon. How do you dis\u00adcuss at the film level, how can the expres\u00adsi\u00adon of opi\u00adni\u00adon and fac\u00adtu\u00adal descrip\u00adti\u00adon of art go hand in hand? How do you argue fair\u00adly and com\u00adpre\u00adhen\u00adsi\u00adbly and what does a lau\u00adda\u00adti\u00adon need to express app\u00adre\u00adcia\u00adti\u00adon? This trai\u00adning cour\u00adse is now offe\u00adred regu\u00adlar\u00adly in a short for\u00admat <strong>(30\u201345 minu\u00adtes) <\/strong>.<\/li>\n<li>Camera, plot, struc\u00adtu\u00adre, dis\u00adcour\u00adse: trai\u00adning cour\u00adses on the sub\u00adject of film ana\u00adly\u00adsis enable tea\u00adchers to del\u00adve deeper into a film with their stu\u00addents and record obser\u00adva\u00adtions, exami\u00adne and compa\u00adre what they have seen tog\u00ade\u00adther on the basis of cine\u00adma\u00adtic con\u00adcepts. <strong>Film Language in Short Film<\/strong> <strong>(45\u201360 minu\u00adtes) <\/strong>is about lear\u00adning to reco\u00adgni\u00adze and name the buil\u00adding blocks \u2014 the sum of which makes up a film \u2014 of a&nbsp;work.<\/li>\n<li>A film review can be an acco\u00adla\u00adde or a scathing sla\u00adting of a work: The <strong>Film Criticism in Practice<\/strong> trai\u00adning cour\u00adse tea\u00adches tea\u00adchers how a short film vie\u00adw\u00ading, a film deba\u00adte and a wri\u00adting work\u00adshop can take place in the class\u00adroom in just one dou\u00adble lesson.<br>\nThe result: film reviews for the school maga\u00adzi\u00adne or the school website.<br>\nThis advan\u00adced trai\u00adning cour\u00adse in the <strong>Film Intensive<\/strong> for\u00admat <strong>(120\u2013150 minu\u00adtes)<\/strong> is expec\u00adted to start in week 22 and is aimed at tea\u00adchers who teach gra\u00addes 5 and&nbsp;up.<\/li>\n<\/ul>\n<p>[\/vc_toggle][\/vc_column_inner][\/vc_row_inner][\/vc_column][\/vc_row]<\/p>\n<\/div>","protected":false},"excerpt":{"rendered":"<p>[vc_row full_width=\u201cstretch_row\u201d css=\u201d.vc_custom_1624882840063{padding-top: 70px !important;background-color: #48d1cc !important;}\u201d el_id=\u201cevents\u201d][vc_column][vc_row_inner][vc_column_inner][vc_column_text] Events [\/vc_column_text][vc_basic_grid post_type=\u201cpost\u201d max_items=\u201c10\u201d item=\u201c6255\u201d grid_id=\u201cvc_gid:1757884625228-d722c78c-5534\u20138\u201d taxonomies=\u201c540\u201d][vc_empty_space][\/vc_column_inner][\/vc_row_inner][\/vc_column][\/vc_row][vc_row full_width=\u201cstretch_row\u201d css=\u201d.vc_custom_1709203957498{padding-top: 70px !important;padding-bottom: 70px !important;background-image: url(https:\/\/lucas-filmfestival.de\/medien\/2021\/03\/fassade-uwe-dettmar-dff-v2-1920px.jpg?id=884) !important;}\u201d el_class=\u201chintergrund\u201d el_id=\u201cfestival sunday\u201d][vc_column][vc_row_inner css=\u201d.vc_custom_1629272269820{padding-top: 20px !important;padding-right: 20px !important;padding-bottom: 20px !important;padding-left: 20px !important;background-color: rgba(255,255,255,0.8) !important;*background-color: rgb(255,255,255) !important;}\u201d][vc_column_inner][vc_column_text] LUCAS for Families [\/vc_column_text][vc_basic_grid post_type=\u201cpost\u201d max_items=\u201c-1\u201d style=\u201cload-more\u201d items_per_page=\u201c9\u201d item=\u201c6255\u201d initial_loading_animation=\u201cnone\u201d btn_style=\u201cmodern\u201d btn_color=\u201cdefault\u201d btn_size=\u201cxs\u201d grid_id=\u201cvc_gid:1757884625229\u20132a7dd9da-7f06\u20118\u201d taxonomies=\u201c459\u201d][\/vc_column_inner][\/vc_row_inner][\/vc_column][\/vc_row][vc_row full_width=\u201cstretch_row\u201d [\u2026]<\/p>\n","protected":false},"author":14,"featured_media":0,"parent":0,"menu_order":25,"comment_status":"closed","ping_status":"closed","template":"","meta":{"_lmt_disableupdate":"no","_lmt_disable":"","wp_typography_post_enhancements_disabled":false,"site-sidebar-layout":"no-sidebar","site-content-layout":"plain-container","ast-site-content-layout":"normal-width-container","site-content-style":"unboxed","site-sidebar-style":"unboxed","ast-global-header-display":"","ast-banner-title-visibility":"","ast-main-header-display":"","ast-hfb-above-header-display":"","ast-hfb-below-header-display":"","ast-hfb-mobile-header-display":"","site-post-title":"disabled","ast-breadcrumbs-content":"","ast-featured-img":"disabled","footer-sml-layout":"","ast-disable-related-posts":"","theme-transparent-header-meta":"default","adv-header-id-meta":"","stick-header-meta":"default","header-above-stick-meta":"","header-main-stick-meta":"","header-below-stick-meta":"","astra-migrate-meta-layouts":"set","ast-page-background-enabled":"default","ast-page-background-meta":{"desktop":{"background-color":"var(--ast-global-color-4)","background-image":"","background-repeat":"repeat","background-position":"center center","background-size":"auto","background-attachment":"scroll","background-type":"","background-media":"","overlay-type":"","overlay-color":"","overlay-opacity":"","overlay-gradient":""},"tablet":{"background-color":"","background-image":"","background-repeat":"repeat","background-position":"center center","background-size":"auto","background-attachment":"scroll","background-type":"","background-media":"","overlay-type":"","overlay-color":"","overlay-opacity":"","overlay-gradient":""},"mobile":{"background-color":"","background-image":"","background-repeat":"repeat","background-position":"center center","background-size":"auto","background-attachment":"scroll","background-type":"","background-media":"","overlay-type":"","overlay-color":"","overlay-opacity":"","overlay-gradient":""}},"ast-content-background-meta":{"desktop":{"background-color":"var(--ast-global-color-5)","background-image":"","background-repeat":"repeat","background-position":"center center","background-size":"auto","background-attachment":"scroll","background-type":"","background-media":"","overlay-type":"","overlay-color":"","overlay-opacity":"","overlay-gradient":""},"tablet":{"background-color":"var(--ast-global-color-5)","background-image":"","background-repeat":"repeat","background-position":"center center","background-size":"auto","background-attachment":"scroll","background-type":"","background-media":"","overlay-type":"","overlay-color":"","overlay-opacity":"","overlay-gradient":""},"mobile":{"background-color":"var(--ast-global-color-5)","background-image":"","background-repeat":"repeat","background-position":"center center","background-size":"auto","background-attachment":"scroll","background-type":"","background-media":"","overlay-type":"","overlay-color":"","overlay-opacity":"","overlay-gradient":""}},"footnotes":""},"class_list":["post-5716","page","type-page","status-publish","hentry"],"yoast_head":"<!-- This site is optimized with the Yoast SEO plugin v26.7 - https:\/\/yoast.com\/wordpress\/plugins\/seo\/ -->\n<title>Events &amp; Specials - LUCAS \u2013 Internationales Festival f\u00fcr junge Filmfans<\/title>\n<meta name=\"robots\" content=\"index, follow, max-snippet:-1, max-image-preview:large, max-video-preview:-1\" \/>\n<link rel=\"canonical\" href=\"https:\/\/lucas-filmfestival.de\/en\/events-specials\/\" \/>\n<meta property=\"og:locale\" content=\"en_US\" \/>\n<meta property=\"og:type\" content=\"article\" \/>\n<meta property=\"og:title\" content=\"Events &amp; Specials - LUCAS \u2013 Internationales Festival f\u00fcr junge Filmfans\" \/>\n<meta property=\"og:description\" content=\"[vc_row full_width=\u201cstretch_row\u201d css=\u201d.vc_custom_1624882840063{padding-top: 70px !important;background-color: #48d1cc !important;}\u201d el_id=\u201cevents\u201d][vc_column][vc_row_inner][vc_column_inner][vc_column_text] Events [\/vc_column_text][vc_basic_grid post_type=\u201cpost\u201d max_items=\u201c10\u201d item=\u201c6255\u201d grid_id=\u201cvc_gid:1757884625228-d722c78c-5534\u20138\u201d taxonomies=\u201c540\u201d][vc_empty_space][\/vc_column_inner][\/vc_row_inner][\/vc_column][\/vc_row][vc_row full_width=\u201cstretch_row\u201d css=\u201d.vc_custom_1709203957498{padding-top: 70px !important;padding-bottom: 70px !important;background-image: url(https:\/\/lucas-filmfestival.de\/medien\/2021\/03\/fassade-uwe-dettmar-dff-v2-1920px.jpg?id=884) !important;}\u201d el_class=\u201chintergrund\u201d el_id=\u201cfestival sunday\u201d][vc_column][vc_row_inner css=\u201d.vc_custom_1629272269820{padding-top: 20px !important;padding-right: 20px !important;padding-bottom: 20px !important;padding-left: 20px !important;background-color: rgba(255,255,255,0.8) !important;*background-color: rgb(255,255,255) !important;}\u201d][vc_column_inner][vc_column_text] LUCAS for Families [\/vc_column_text][vc_basic_grid post_type=\u201cpost\u201d max_items=\u201c-1\u201d style=\u201cload-more\u201d items_per_page=\u201c9\u201d item=\u201c6255\u201d initial_loading_animation=\u201cnone\u201d btn_style=\u201cmodern\u201d btn_color=\u201cdefault\u201d btn_size=\u201cxs\u201d grid_id=\u201cvc_gid:1757884625229\u20132a7dd9da-7f06\u20118\u201d taxonomies=\u201c459\u201d][\/vc_column_inner][\/vc_row_inner][\/vc_column][\/vc_row][vc_row full_width=\u201cstretch_row\u201d [&hellip;]\" \/>\n<meta property=\"og:url\" content=\"https:\/\/lucas-filmfestival.de\/en\/events-specials\/\" \/>\n<meta property=\"og:site_name\" content=\"LUCAS \u2013 Internationales Festival f\u00fcr junge Filmfans\" \/>\n<meta property=\"article:modified_time\" content=\"2025-09-14T21:17:31+00:00\" \/>\n<meta property=\"og:image\" content=\"https:\/\/lucas-filmfestival.de\/medien\/2021\/09\/lucas2017_schuller_097-1920x1280-2.jpg\" \/>\n<meta name=\"twitter:card\" content=\"summary_large_image\" \/>\n<meta name=\"twitter:label1\" content=\"Est. reading time\" \/>\n\t<meta name=\"twitter:data1\" content=\"5 minutes\" \/>\n<script type=\"application\/ld+json\" class=\"yoast-schema-graph\">{\"@context\":\"https:\/\/schema.org\",\"@graph\":[{\"@type\":\"WebPage\",\"@id\":\"https:\/\/lucas-filmfestival.de\/en\/events-specials\/\",\"url\":\"https:\/\/lucas-filmfestival.de\/en\/events-specials\/\",\"name\":\"Events & Specials - LUCAS \u2013 Internationales Festival f\u00fcr junge Filmfans\",\"isPartOf\":{\"@id\":\"https:\/\/lucas-filmfestival.de\/en\/#website\"},\"datePublished\":\"2021-03-19T13:49:09+00:00\",\"dateModified\":\"2025-09-14T21:17:31+00:00\",\"breadcrumb\":{\"@id\":\"https:\/\/lucas-filmfestival.de\/en\/events-specials\/#breadcrumb\"},\"inLanguage\":\"en-US\",\"potentialAction\":[{\"@type\":\"ReadAction\",\"target\":[\"https:\/\/lucas-filmfestival.de\/en\/events-specials\/\"]}]},{\"@type\":\"BreadcrumbList\",\"@id\":\"https:\/\/lucas-filmfestival.de\/en\/events-specials\/#breadcrumb\",\"itemListElement\":[{\"@type\":\"ListItem\",\"position\":1,\"name\":\"Home\",\"item\":\"https:\/\/lucas-filmfestival.de\/en\/\"},{\"@type\":\"ListItem\",\"position\":2,\"name\":\"Events &#038; Specials\"}]},{\"@type\":\"WebSite\",\"@id\":\"https:\/\/lucas-filmfestival.de\/en\/#website\",\"url\":\"https:\/\/lucas-filmfestival.de\/en\/\",\"name\":\"LUCAS \u2013 Internationales Festival f\u00fcr junge Filmfans\",\"description\":\"Deutschlands \u00e4ltestes Filmfestival f\u00fcr junges Publikum. Das Programm richtet sich an alle von vier Jahren bis 18plus und pr\u00e4sentiert aktuelles internationales Filmschaffen \u2013 Spiel\u2011, Dokumentar\u2011, Animations- und Experimentalfilme. Herzst\u00fcck von LUCAS sind die Wettbewerbe in den Sektionen 8+, 13+ und 16+ | Youngsters.\",\"publisher\":{\"@id\":\"https:\/\/lucas-filmfestival.de\/en\/#organization\"},\"potentialAction\":[{\"@type\":\"SearchAction\",\"target\":{\"@type\":\"EntryPoint\",\"urlTemplate\":\"https:\/\/lucas-filmfestival.de\/en\/?s={search_term_string}\"},\"query-input\":{\"@type\":\"PropertyValueSpecification\",\"valueRequired\":true,\"valueName\":\"search_term_string\"}}],\"inLanguage\":\"en-US\"},{\"@type\":\"Organization\",\"@id\":\"https:\/\/lucas-filmfestival.de\/en\/#organization\",\"name\":\"LUCAS \u2013 Internationales Festival f\u00fcr junge Filmfans\",\"url\":\"https:\/\/lucas-filmfestival.de\/en\/\",\"logo\":{\"@type\":\"ImageObject\",\"inLanguage\":\"en-US\",\"@id\":\"https:\/\/lucas-filmfestival.de\/en\/#\/schema\/logo\/image\/\",\"url\":\"https:\/\/lucas-filmfestival.de\/medien\/2025\/05\/cropped-LucasLogo.jpg\",\"contentUrl\":\"https:\/\/lucas-filmfestival.de\/medien\/2025\/05\/cropped-LucasLogo.jpg\",\"width\":1090,\"height\":800,\"caption\":\"LUCAS \u2013 Internationales Festival f\u00fcr junge Filmfans\"},\"image\":{\"@id\":\"https:\/\/lucas-filmfestival.de\/en\/#\/schema\/logo\/image\/\"}}]}<\/script>\n<!-- \/ Yoast SEO plugin. -->","yoast_head_json":{"title":"Events & Specials - LUCAS \u2013 Internationales Festival f\u00fcr junge Filmfans","robots":{"index":"index","follow":"follow","max-snippet":"max-snippet:-1","max-image-preview":"max-image-preview:large","max-video-preview":"max-video-preview:-1"},"canonical":"https:\/\/lucas-filmfestival.de\/en\/events-specials\/","og_locale":"en_US","og_type":"article","og_title":"Events & Specials - LUCAS \u2013 Internationales Festival f\u00fcr junge Filmfans","og_description":"[vc_row full_width=\u201cstretch_row\u201d css=\u201d.vc_custom_1624882840063{padding-top: 70px !important;background-color: #48d1cc !important;}\u201d el_id=\u201cevents\u201d][vc_column][vc_row_inner][vc_column_inner][vc_column_text] Events [\/vc_column_text][vc_basic_grid post_type=\u201cpost\u201d max_items=\u201c10\u201d item=\u201c6255\u201d grid_id=\u201cvc_gid:1757884625228-d722c78c-5534\u20138\u201d taxonomies=\u201c540\u201d][vc_empty_space][\/vc_column_inner][\/vc_row_inner][\/vc_column][\/vc_row][vc_row full_width=\u201cstretch_row\u201d css=\u201d.vc_custom_1709203957498{padding-top: 70px !important;padding-bottom: 70px !important;background-image: url(https:\/\/lucas-filmfestival.de\/medien\/2021\/03\/fassade-uwe-dettmar-dff-v2-1920px.jpg?id=884) !important;}\u201d el_class=\u201chintergrund\u201d el_id=\u201cfestival sunday\u201d][vc_column][vc_row_inner css=\u201d.vc_custom_1629272269820{padding-top: 20px !important;padding-right: 20px !important;padding-bottom: 20px !important;padding-left: 20px !important;background-color: rgba(255,255,255,0.8) !important;*background-color: rgb(255,255,255) !important;}\u201d][vc_column_inner][vc_column_text] LUCAS for Families [\/vc_column_text][vc_basic_grid post_type=\u201cpost\u201d max_items=\u201c-1\u201d style=\u201cload-more\u201d items_per_page=\u201c9\u201d item=\u201c6255\u201d initial_loading_animation=\u201cnone\u201d btn_style=\u201cmodern\u201d btn_color=\u201cdefault\u201d btn_size=\u201cxs\u201d grid_id=\u201cvc_gid:1757884625229\u20132a7dd9da-7f06\u20118\u201d taxonomies=\u201c459\u201d][\/vc_column_inner][\/vc_row_inner][\/vc_column][\/vc_row][vc_row full_width=\u201cstretch_row\u201d [&hellip;]","og_url":"https:\/\/lucas-filmfestival.de\/en\/events-specials\/","og_site_name":"LUCAS \u2013 Internationales Festival f\u00fcr junge Filmfans","article_modified_time":"2025-09-14T21:17:31+00:00","og_image":[{"url":"https:\/\/lucas-filmfestival.de\/medien\/2021\/09\/lucas2017_schuller_097-1920x1280-2.jpg","type":"","width":"","height":""}],"twitter_card":"summary_large_image","twitter_misc":{"Est. reading time":"5 minutes"},"schema":{"@context":"https:\/\/schema.org","@graph":[{"@type":"WebPage","@id":"https:\/\/lucas-filmfestival.de\/en\/events-specials\/","url":"https:\/\/lucas-filmfestival.de\/en\/events-specials\/","name":"Events & Specials - LUCAS \u2013 Internationales Festival f\u00fcr junge Filmfans","isPartOf":{"@id":"https:\/\/lucas-filmfestival.de\/en\/#website"},"datePublished":"2021-03-19T13:49:09+00:00","dateModified":"2025-09-14T21:17:31+00:00","breadcrumb":{"@id":"https:\/\/lucas-filmfestival.de\/en\/events-specials\/#breadcrumb"},"inLanguage":"en-US","potentialAction":[{"@type":"ReadAction","target":["https:\/\/lucas-filmfestival.de\/en\/events-specials\/"]}]},{"@type":"BreadcrumbList","@id":"https:\/\/lucas-filmfestival.de\/en\/events-specials\/#breadcrumb","itemListElement":[{"@type":"ListItem","position":1,"name":"Home","item":"https:\/\/lucas-filmfestival.de\/en\/"},{"@type":"ListItem","position":2,"name":"Events &#038; Specials"}]},{"@type":"WebSite","@id":"https:\/\/lucas-filmfestival.de\/en\/#website","url":"https:\/\/lucas-filmfestival.de\/en\/","name":"LUCAS \u2013 Internationales Festival f\u00fcr junge Filmfans","description":"Deutschlands \u00e4ltestes Filmfestival f\u00fcr junges Publikum. Das Programm richtet sich an alle von vier Jahren bis 18plus und pr\u00e4sentiert aktuelles internationales Filmschaffen \u2013 Spiel\u2011, Dokumentar\u2011, Animations- und Experimentalfilme. Herzst\u00fcck von LUCAS sind die Wettbewerbe in den Sektionen 8+, 13+ und 16+ | Youngsters.","publisher":{"@id":"https:\/\/lucas-filmfestival.de\/en\/#organization"},"potentialAction":[{"@type":"SearchAction","target":{"@type":"EntryPoint","urlTemplate":"https:\/\/lucas-filmfestival.de\/en\/?s={search_term_string}"},"query-input":{"@type":"PropertyValueSpecification","valueRequired":true,"valueName":"search_term_string"}}],"inLanguage":"en-US"},{"@type":"Organization","@id":"https:\/\/lucas-filmfestival.de\/en\/#organization","name":"LUCAS \u2013 Internationales Festival f\u00fcr junge Filmfans","url":"https:\/\/lucas-filmfestival.de\/en\/","logo":{"@type":"ImageObject","inLanguage":"en-US","@id":"https:\/\/lucas-filmfestival.de\/en\/#\/schema\/logo\/image\/","url":"https:\/\/lucas-filmfestival.de\/medien\/2025\/05\/cropped-LucasLogo.jpg","contentUrl":"https:\/\/lucas-filmfestival.de\/medien\/2025\/05\/cropped-LucasLogo.jpg","width":1090,"height":800,"caption":"LUCAS \u2013 Internationales Festival f\u00fcr junge Filmfans"},"image":{"@id":"https:\/\/lucas-filmfestival.de\/en\/#\/schema\/logo\/image\/"}}]}},"_links":{"self":[{"href":"https:\/\/lucas-filmfestival.de\/en\/wp-json\/wp\/v2\/pages\/5716","targetHints":{"allow":["GET"]}}],"collection":[{"href":"https:\/\/lucas-filmfestival.de\/en\/wp-json\/wp\/v2\/pages"}],"about":[{"href":"https:\/\/lucas-filmfestival.de\/en\/wp-json\/wp\/v2\/types\/page"}],"author":[{"embeddable":true,"href":"https:\/\/lucas-filmfestival.de\/en\/wp-json\/wp\/v2\/users\/14"}],"replies":[{"embeddable":true,"href":"https:\/\/lucas-filmfestival.de\/en\/wp-json\/wp\/v2\/comments?post=5716"}],"version-history":[{"count":6,"href":"https:\/\/lucas-filmfestival.de\/en\/wp-json\/wp\/v2\/pages\/5716\/revisions"}],"predecessor-version":[{"id":25473,"href":"https:\/\/lucas-filmfestival.de\/en\/wp-json\/wp\/v2\/pages\/5716\/revisions\/25473"}],"wp:attachment":[{"href":"https:\/\/lucas-filmfestival.de\/en\/wp-json\/wp\/v2\/media?parent=5716"}],"curies":[{"name":"wp","href":"https:\/\/api.w.org\/{rel}","templated":true}]}}