{"id":5823,"date":"2021-01-18T10:01:10","date_gmt":"2021-01-18T10:01:10","guid":{"rendered":"https:\/\/lucas-filmfestival.de\/presse\/"},"modified":"2025-09-14T22:59:03","modified_gmt":"2025-09-14T22:59:03","slug":"presse","status":"publish","type":"page","link":"https:\/\/lucas-filmfestival.de\/en\/presse\/","title":{"rendered":"Press"},"content":{"rendered":"<div class=\"wpb-content-wrapper\"><p>[vc_row full_width=\u201cstretch_row\u201d content_placement=\u201cbottom\u201d css=\u201d.vc_custom_1617092666501{padding-top: 50px !important;background-image: url(https:\/\/lucas-filmfestival.de\/medien\/2021\/03\/fassade-uwe-dettmar-dff-v2-1920px.jpg?id=884) !important;background-position: cen\u00adter !important;background-repeat: no-repeat !important;background-size: cover !important;}\u201d el_class=\u201chintergrund\u201d][vc_column][vc_row_inner][vc_column_inner width=\u201c3\/4\u201d css=\u201d.vc_custom_1616144652172{padding-top: 10px !important;background-color: rgba(255,255,255,0.8) !important;*background-color: rgb(255,255,255) !important;}\u201d][vc_column_text css=\u201d.vc_custom_1757890391588{padding-top: 20px !important;padding-right: 20px !important;padding-bottom: 20px !important;padding-left: 20px !important;}\u201d]<\/p>\n<h1>PRESS AREA<\/h1>\n<p>Dear press representatives,<br>\nwe are loo\u00adking for\u00adward to your report\u00ading which we will glad\u00adly sup\u00adport as much as pos\u00adsi\u00adble. Press accre\u00addi\u00adta\u00adti\u00adon is free of char\u00adge. Interview requests and logi\u00adsti\u00adcal mat\u00adters can be coor\u00addi\u00adna\u00adted via the press office. During the fes\u00adti\u00adval week, a mem\u00adber of the press office staff will be available for your enqui\u00adries during the ope\u00adning hours of the Festival Center<\/p>\n<p><strong>Contact Person for Press &amp; Public Relations:<\/strong><br>\nKatharina Popp<br>\n+49 69 961 220 \u2013&nbsp;314<br>\n<a href=\"mailto:lucas-redaktion@dff.film\" target=\"_blank\" rel=\"noopener\">lucas-redaktion@dff.film<\/a>[\/vc_column_text][\/vc_column_inner][vc_column_inner width=\u201c1\/4\u201d][\/vc_column_inner][\/vc_row_inner][vc_row_inner][vc_column_inner][vc_empty_space][\/vc_column_inner][\/vc_row_inner][\/vc_column][\/vc_row][vc_row full_width=\u201cstretch_row\u201d css=\u201d.vc_custom_1624887937693{padding-top: 50px !important;padding-bottom: 50px !important;background-color: #48d1cc !important;}\u201d el_id=\u201cfilmpaten\u201d][vc_column][vc_single_image image=\u201c876\u201d img_size=\u201c215x50\u201d][vc_column_text]<\/p>\n<h1>Photo Material<\/h1>\n<p>LUCAS pro\u00advi\u00addes pho\u00adto mate\u00adri\u00adal for jour\u00adna\u00adlists in a <a href=\"https:\/\/lucas-filmfestival.de\/impressum\/pressedownload\/\">pass\u00adword-pro\u00adtec\u00adted down\u00adload area<\/a>. Please use the copy\u00adright infor\u00adma\u00adti\u00adon pro\u00advi\u00added next to the respec\u00adti\u00adve&nbsp;image.<\/p>\n<p>To request the pass\u00adword or any addi\u00adtio\u00adnal mate\u00adri\u00adal plea\u00adse cont\u00adact the <a href=\"mailto:lucas-redaktion@dff.film\" target=\"_blank\" rel=\"noopener\">press office<\/a>.<\/p>\n<p>To down\u00adload images, plea\u00adse click on the requi\u00adred pho\u00adto. The image will then open in a new win\u00addow, and you can copy it to your com\u00adpu\u00adter by cli\u00adcking on the right mou\u00adse but\u00adton, then \/save&nbsp;as\/.<\/p>\n<h3>LUCAS Logos<\/h3>\n<div class=\"su-column su-column-size-1-3\" style=\"text-align: justify;\">\n<div class=\"su-column-inner su-u-clearfix su-u-trim\">\n<div class=\"su-column su-column-size-1-3\" style=\"text-align: justify;\">\n<div class=\"su-column-inner su-u-clearfix su-u-trim\">\n<div class=\"su-column su-column-size-1-3\" style=\"text-align: justify;\">\n<div class=\"su-column-inner su-u-clearfix su-u-trim\"><a href=\"https:\/\/lucas-filmfestival.de\/medien\/2025\/01\/LucasLogo-d-e_Datum_2025.jpg\"><span style=\"color: #000000;\"><span style=\"text-decoration: underline;\">LUCAS logo 2025, German\/English, with fes\u00adti\u00adval dates, jpg<\/span><\/span><\/a><\/div>\n<\/div>\n<div class=\"su-column su-column-size-1-3\" style=\"text-align: justify;\">\n<div class=\"su-column-inner su-u-clearfix su-u-trim\"><a href=\"https:\/\/lucas-filmfestival.de\/medien\/2025\/01\/LucasLogo-d-e_Datum_2025_Transparent.png\"><span style=\"text-decoration: underline;\"><span style=\"color: #000000; text-decoration: underline;\">LUCAS logo 2025, German\/English, with fes\u00adti\u00adval dates, trans\u00adpa\u00adrent,&nbsp;png<\/span><\/span><\/a><\/div>\n<\/div>\n<div class=\"su-column su-column-size-1-3\" style=\"text-align: justify;\">\n<div class=\"su-column-inner su-u-clearfix su-u-trim\"><span style=\"text-decoration: underline;\"><span style=\"color: #000000; text-decoration: underline;\"><a style=\"color: #000000; text-decoration: underline;\" href=\"https:\/\/lucas-filmfestival.de\/medien\/2021\/06\/Lucas-2021-Logo-deutsch-ohne-Datum.png\">LUCAS logo, German, wit\u00adhout fes\u00adti\u00adval dates, png<\/a><\/span><\/span><\/div>\n<\/div>\n<div class=\"su-column su-column-size-1-3\" style=\"text-align: justify;\">\n<div class=\"su-column-inner su-u-clearfix su-u-trim\"><span style=\"text-decoration: underline;\"><span style=\"color: #000000; text-decoration: underline;\"><a style=\"color: #000000; text-decoration: underline;\" href=\"https:\/\/lucas-filmfestival.de\/medien\/2021\/06\/Lucas-2021-Logo-deutsch-englisch-ohne-Datum.png\">LUCAS logo, German\/English, wit\u00adhout fes\u00adti\u00adval dates, png<\/a><\/span><\/span><\/div>\n<\/div>\n<div class=\"su-column su-column-size-1-3\">\n<div class=\"su-column-inner su-u-clearfix su-u-trim\" style=\"text-align: justify;\"><span style=\"text-decoration: underline;\"><span style=\"color: #000000; text-decoration: underline;\"><a style=\"color: #000000; text-decoration: underline;\" href=\"https:\/\/lucas-filmfestival.de\/medien\/2021\/06\/Lucas-2021-Logo-englisch-ohne-Datum.png\">LUCAS logo, English, wit\u00adhout fes\u00adti\u00adval dates, png<\/a><\/span><\/span><\/div>\n<\/div>\n<\/div>\n<\/div>\n<div class=\"su-column su-column-size-1-3\"><\/div>\n<\/div>\n<\/div>\n<div class=\"su-column su-column-size-1-3\"><\/div>\n<p>[\/vc_column_text][\/vc_column][\/vc_row][vc_row full_width=\u201cstretch_row\u201d css=\u201d.vc_custom_1616165886886{padding-top: 50px !important;padding-bottom: 50px !important;background-image: url(https:\/\/lucas-filmfestival.de\/medien\/2021\/03\/DFF-2020_1_Foto-Uwe-Dettmar-1_1920x1080.jpg?id=919) !important;background-position: cen\u00adter !important;background-repeat: no-repeat !important;background-size: cover !important;}\u201d el_id=\u201cspielorte\u201d el_class=\u201chintergrund\u201d][vc_column][vc_row_inner][vc_column_inner width=\u201c1\/2\u201d][vc_single_image image=\u201c876\u201d img_size=\u201c215x50\u201d css=\u201d.vc_custom_1616165932121{margin-bottom: 0px !important;padding-top: 18px !important;padding-right: 18px !important;padding-bottom: 24px !important;padding-left: 18px !important;background-color: rgba(255,255,255,0.8) !important;*background-color: rgb(255,255,255) !important;}\u201d][vc_column_text css=\u201d.vc_custom_1709729977014{padding-top: 10px !important;padding-right: 18px !important;padding-bottom: 10px !important;padding-left: 18px !important;background-color: rgba(255,255,255,0.8) !important;*background-color: rgb(255,255,255) !important;}\u201d]<\/p>\n<h1>Press Releases (in German)<\/h1>\n<p>[\/vc_column_text][\/vc_column_inner][vc_column_inner width=\u201c1\/2\u201d][\/vc_column_inner][\/vc_row_inner][vc_row_inner][vc_column_inner width=\u201c1\/2\u201d][vc_column_text css=\u201d.vc_custom_1709730256606{margin-bottom: 0px !important;padding-top: 10px !important;padding-right: 17px !important;padding-bottom: 18px !important;padding-left: 18px !important;background-color: rgba(255,255,255,0.8) !important;*background-color: rgb(255,255,255) !important;}\u201d]<\/p>\n<div class=\"wpb_text_column wpb_content_element \">\n<div class=\"wpb_wrapper\">\n<p><span style=\"text-decoration: underline;\"><a href=\"https:\/\/lucas-filmfestival.de\/presse\/#pressemitteilungen\">Click here to read all cur\u00adrent and pre\u00advious press releases in German.<\/a><\/span><\/p>\n<\/div>\n<\/div>\n<p>[\/vc_column_text][\/vc_column_inner][vc_column_inner width=\u201c1\/2\u201d][\/vc_column_inner][\/vc_row_inner][\/vc_column][\/vc_row]<\/p>\n<\/div>","protected":false},"excerpt":{"rendered":"<p>[vc_row full_width=\u201cstretch_row\u201d content_placement=\u201cbottom\u201d css=\u201d.vc_custom_1617092666501{padding-top: 50px !important;background-image: url(https:\/\/lucas-filmfestival.de\/medien\/2021\/03\/fassade-uwe-dettmar-dff-v2-1920px.jpg?id=884) !important;background-position: cen\u00adter !important;background-repeat: no-repeat !important;background-size: cover !important;}\u201d el_class=\u201chintergrund\u201d][vc_column][vc_row_inner][vc_column_inner width=\u201c3\/4\u201d css=\u201d.vc_custom_1616144652172{padding-top: 10px !important;background-color: rgba(255,255,255,0.8) !important;*background-color: rgb(255,255,255) !important;}\u201d][vc_column_text css=\u201d.vc_custom_1757890391588{padding-top: 20px !important;padding-right: 20px !important;padding-bottom: 20px !important;padding-left: 20px !important;}\u201d] PRESS AREA Dear press repre\u00adsen\u00adta\u00adti\u00adves, we are loo\u00adking for\u00adward to your report\u00ading which we will glad\u00adly sup\u00adport as much as pos\u00adsi\u00adble. Press accreditation&nbsp;[\u2026]<\/p>\n","protected":false},"author":14,"featured_media":0,"parent":0,"menu_order":130,"comment_status":"closed","ping_status":"closed","template":"","meta":{"_lmt_disableupdate":"no","_lmt_disable":"","wp_typography_post_enhancements_disabled":false,"site-sidebar-layout":"no-sidebar","site-content-layout":"plain-container","ast-site-content-layout":"normal-width-container","site-content-style":"unboxed","site-sidebar-style":"unboxed","ast-global-header-display":"","ast-banner-title-visibility":"","ast-main-header-display":"","ast-hfb-above-header-display":"","ast-hfb-below-header-display":"","ast-hfb-mobile-header-display":"","site-post-title":"disabled","ast-breadcrumbs-content":"","ast-featured-img":"disabled","footer-sml-layout":"","ast-disable-related-posts":"","theme-transparent-header-meta":"default","adv-header-id-meta":"","stick-header-meta":"default","header-above-stick-meta":"","header-main-stick-meta":"","header-below-stick-meta":"","astra-migrate-meta-layouts":"set","ast-page-background-enabled":"default","ast-page-background-meta":{"desktop":{"background-color":"var(--ast-global-color-4)","background-image":"","background-repeat":"repeat","background-position":"center center","background-size":"auto","background-attachment":"scroll","background-type":"","background-media":"","overlay-type":"","overlay-color":"","overlay-opacity":"","overlay-gradient":""},"tablet":{"background-color":"","background-image":"","background-repeat":"repeat","background-position":"center center","background-size":"auto","background-attachment":"scroll","background-type":"","background-media":"","overlay-type":"","overlay-color":"","overlay-opacity":"","overlay-gradient":""},"mobile":{"background-color":"","background-image":"","background-repeat":"repeat","background-position":"center center","background-size":"auto","background-attachment":"scroll","background-type":"","background-media":"","overlay-type":"","overlay-color":"","overlay-opacity":"","overlay-gradient":""}},"ast-content-background-meta":{"desktop":{"background-color":"var(--ast-global-color-5)","background-image":"","background-repeat":"repeat","background-position":"center center","background-size":"auto","background-attachment":"scroll","background-type":"","background-media":"","overlay-type":"","overlay-color":"","overlay-opacity":"","overlay-gradient":""},"tablet":{"background-color":"var(--ast-global-color-5)","background-image":"","background-repeat":"repeat","background-position":"center center","background-size":"auto","background-attachment":"scroll","background-type":"","background-media":"","overlay-type":"","overlay-color":"","overlay-opacity":"","overlay-gradient":""},"mobile":{"background-color":"var(--ast-global-color-5)","background-image":"","background-repeat":"repeat","background-position":"center center","background-size":"auto","background-attachment":"scroll","background-type":"","background-media":"","overlay-type":"","overlay-color":"","overlay-opacity":"","overlay-gradient":""}},"footnotes":""},"class_list":["post-5823","page","type-page","status-publish","hentry"],"yoast_head":"<!-- This site is optimized with the Yoast SEO plugin v26.7 - https:\/\/yoast.com\/wordpress\/plugins\/seo\/ -->\n<title>Press - LUCAS \u2013 Internationales Festival f\u00fcr junge Filmfans<\/title>\n<meta name=\"robots\" content=\"index, follow, max-snippet:-1, max-image-preview:large, max-video-preview:-1\" \/>\n<link rel=\"canonical\" href=\"https:\/\/lucas-filmfestival.de\/en\/presse\/\" \/>\n<meta property=\"og:locale\" content=\"en_US\" \/>\n<meta property=\"og:type\" content=\"article\" \/>\n<meta property=\"og:title\" content=\"Press - LUCAS \u2013 Internationales Festival f\u00fcr junge Filmfans\" \/>\n<meta property=\"og:description\" content=\"[vc_row full_width=\u201cstretch_row\u201d content_placement=\u201cbottom\u201d css=\u201d.vc_custom_1617092666501{padding-top: 50px !important;background-image: url(https:\/\/lucas-filmfestival.de\/medien\/2021\/03\/fassade-uwe-dettmar-dff-v2-1920px.jpg?id=884) !important;background-position: cen\u00adter !important;background-repeat: no-repeat !important;background-size: cover !important;}\u201d el_class=\u201chintergrund\u201d][vc_column][vc_row_inner][vc_column_inner width=\u201c3\/4\u201d css=\u201d.vc_custom_1616144652172{padding-top: 10px !important;background-color: rgba(255,255,255,0.8) !important;*background-color: rgb(255,255,255) !important;}\u201d][vc_column_text css=\u201d.vc_custom_1757890391588{padding-top: 20px !important;padding-right: 20px !important;padding-bottom: 20px !important;padding-left: 20px !important;}\u201d] PRESS AREA Dear press representatives, we are loo\u00adking for\u00adward to your report\u00ading which we will glad\u00adly sup\u00adport as much as pos\u00adsi\u00adble. Press accre\u00addi\u00adta\u00adti\u00adon [&hellip;]\" \/>\n<meta property=\"og:url\" content=\"https:\/\/lucas-filmfestival.de\/en\/presse\/\" \/>\n<meta property=\"og:site_name\" content=\"LUCAS \u2013 Internationales Festival f\u00fcr junge Filmfans\" \/>\n<meta property=\"article:modified_time\" content=\"2025-09-14T22:59:03+00:00\" \/>\n<meta name=\"twitter:card\" content=\"summary_large_image\" \/>\n<meta name=\"twitter:label1\" content=\"Est. reading time\" \/>\n\t<meta name=\"twitter:data1\" content=\"3 minutes\" \/>\n<script type=\"application\/ld+json\" class=\"yoast-schema-graph\">{\"@context\":\"https:\/\/schema.org\",\"@graph\":[{\"@type\":\"WebPage\",\"@id\":\"https:\/\/lucas-filmfestival.de\/en\/presse\/\",\"url\":\"https:\/\/lucas-filmfestival.de\/en\/presse\/\",\"name\":\"Press - LUCAS \u2013 Internationales Festival f\u00fcr junge Filmfans\",\"isPartOf\":{\"@id\":\"https:\/\/lucas-filmfestival.de\/en\/#website\"},\"datePublished\":\"2021-01-18T10:01:10+00:00\",\"dateModified\":\"2025-09-14T22:59:03+00:00\",\"breadcrumb\":{\"@id\":\"https:\/\/lucas-filmfestival.de\/en\/presse\/#breadcrumb\"},\"inLanguage\":\"en-US\",\"potentialAction\":[{\"@type\":\"ReadAction\",\"target\":[\"https:\/\/lucas-filmfestival.de\/en\/presse\/\"]}]},{\"@type\":\"BreadcrumbList\",\"@id\":\"https:\/\/lucas-filmfestival.de\/en\/presse\/#breadcrumb\",\"itemListElement\":[{\"@type\":\"ListItem\",\"position\":1,\"name\":\"Home\",\"item\":\"https:\/\/lucas-filmfestival.de\/en\/\"},{\"@type\":\"ListItem\",\"position\":2,\"name\":\"Press\"}]},{\"@type\":\"WebSite\",\"@id\":\"https:\/\/lucas-filmfestival.de\/en\/#website\",\"url\":\"https:\/\/lucas-filmfestival.de\/en\/\",\"name\":\"LUCAS \u2013 Internationales Festival f\u00fcr junge Filmfans\",\"description\":\"Deutschlands \u00e4ltestes Filmfestival f\u00fcr junges Publikum. Das Programm richtet sich an alle von vier Jahren bis 18plus und pr\u00e4sentiert aktuelles internationales Filmschaffen \u2013 Spiel\u2011, Dokumentar\u2011, Animations- und Experimentalfilme. Herzst\u00fcck von LUCAS sind die Wettbewerbe in den Sektionen 8+, 13+ und 16+ | Youngsters.\",\"publisher\":{\"@id\":\"https:\/\/lucas-filmfestival.de\/en\/#organization\"},\"potentialAction\":[{\"@type\":\"SearchAction\",\"target\":{\"@type\":\"EntryPoint\",\"urlTemplate\":\"https:\/\/lucas-filmfestival.de\/en\/?s={search_term_string}\"},\"query-input\":{\"@type\":\"PropertyValueSpecification\",\"valueRequired\":true,\"valueName\":\"search_term_string\"}}],\"inLanguage\":\"en-US\"},{\"@type\":\"Organization\",\"@id\":\"https:\/\/lucas-filmfestival.de\/en\/#organization\",\"name\":\"LUCAS \u2013 Internationales Festival f\u00fcr junge Filmfans\",\"url\":\"https:\/\/lucas-filmfestival.de\/en\/\",\"logo\":{\"@type\":\"ImageObject\",\"inLanguage\":\"en-US\",\"@id\":\"https:\/\/lucas-filmfestival.de\/en\/#\/schema\/logo\/image\/\",\"url\":\"https:\/\/lucas-filmfestival.de\/medien\/2025\/05\/cropped-LucasLogo.jpg\",\"contentUrl\":\"https:\/\/lucas-filmfestival.de\/medien\/2025\/05\/cropped-LucasLogo.jpg\",\"width\":1090,\"height\":800,\"caption\":\"LUCAS \u2013 Internationales Festival f\u00fcr junge Filmfans\"},\"image\":{\"@id\":\"https:\/\/lucas-filmfestival.de\/en\/#\/schema\/logo\/image\/\"}}]}<\/script>\n<!-- \/ Yoast SEO plugin. -->","yoast_head_json":{"title":"Press - LUCAS \u2013 Internationales Festival f\u00fcr junge Filmfans","robots":{"index":"index","follow":"follow","max-snippet":"max-snippet:-1","max-image-preview":"max-image-preview:large","max-video-preview":"max-video-preview:-1"},"canonical":"https:\/\/lucas-filmfestival.de\/en\/presse\/","og_locale":"en_US","og_type":"article","og_title":"Press - LUCAS \u2013 Internationales Festival f\u00fcr junge Filmfans","og_description":"[vc_row full_width=\u201cstretch_row\u201d content_placement=\u201cbottom\u201d css=\u201d.vc_custom_1617092666501{padding-top: 50px !important;background-image: url(https:\/\/lucas-filmfestival.de\/medien\/2021\/03\/fassade-uwe-dettmar-dff-v2-1920px.jpg?id=884) !important;background-position: cen\u00adter !important;background-repeat: no-repeat !important;background-size: cover !important;}\u201d el_class=\u201chintergrund\u201d][vc_column][vc_row_inner][vc_column_inner width=\u201c3\/4\u201d css=\u201d.vc_custom_1616144652172{padding-top: 10px !important;background-color: rgba(255,255,255,0.8) !important;*background-color: rgb(255,255,255) !important;}\u201d][vc_column_text css=\u201d.vc_custom_1757890391588{padding-top: 20px !important;padding-right: 20px !important;padding-bottom: 20px !important;padding-left: 20px !important;}\u201d] PRESS AREA Dear press representatives, we are loo\u00adking for\u00adward to your report\u00ading which we will glad\u00adly sup\u00adport as much as pos\u00adsi\u00adble. Press accre\u00addi\u00adta\u00adti\u00adon [&hellip;]","og_url":"https:\/\/lucas-filmfestival.de\/en\/presse\/","og_site_name":"LUCAS \u2013 Internationales Festival f\u00fcr junge Filmfans","article_modified_time":"2025-09-14T22:59:03+00:00","twitter_card":"summary_large_image","twitter_misc":{"Est. reading time":"3 minutes"},"schema":{"@context":"https:\/\/schema.org","@graph":[{"@type":"WebPage","@id":"https:\/\/lucas-filmfestival.de\/en\/presse\/","url":"https:\/\/lucas-filmfestival.de\/en\/presse\/","name":"Press - LUCAS \u2013 Internationales Festival f\u00fcr junge Filmfans","isPartOf":{"@id":"https:\/\/lucas-filmfestival.de\/en\/#website"},"datePublished":"2021-01-18T10:01:10+00:00","dateModified":"2025-09-14T22:59:03+00:00","breadcrumb":{"@id":"https:\/\/lucas-filmfestival.de\/en\/presse\/#breadcrumb"},"inLanguage":"en-US","potentialAction":[{"@type":"ReadAction","target":["https:\/\/lucas-filmfestival.de\/en\/presse\/"]}]},{"@type":"BreadcrumbList","@id":"https:\/\/lucas-filmfestival.de\/en\/presse\/#breadcrumb","itemListElement":[{"@type":"ListItem","position":1,"name":"Home","item":"https:\/\/lucas-filmfestival.de\/en\/"},{"@type":"ListItem","position":2,"name":"Press"}]},{"@type":"WebSite","@id":"https:\/\/lucas-filmfestival.de\/en\/#website","url":"https:\/\/lucas-filmfestival.de\/en\/","name":"LUCAS \u2013 Internationales Festival f\u00fcr junge Filmfans","description":"Deutschlands \u00e4ltestes Filmfestival f\u00fcr junges Publikum. Das Programm richtet sich an alle von vier Jahren bis 18plus und pr\u00e4sentiert aktuelles internationales Filmschaffen \u2013 Spiel\u2011, Dokumentar\u2011, Animations- und Experimentalfilme. Herzst\u00fcck von LUCAS sind die Wettbewerbe in den Sektionen 8+, 13+ und 16+ | Youngsters.","publisher":{"@id":"https:\/\/lucas-filmfestival.de\/en\/#organization"},"potentialAction":[{"@type":"SearchAction","target":{"@type":"EntryPoint","urlTemplate":"https:\/\/lucas-filmfestival.de\/en\/?s={search_term_string}"},"query-input":{"@type":"PropertyValueSpecification","valueRequired":true,"valueName":"search_term_string"}}],"inLanguage":"en-US"},{"@type":"Organization","@id":"https:\/\/lucas-filmfestival.de\/en\/#organization","name":"LUCAS \u2013 Internationales Festival f\u00fcr junge Filmfans","url":"https:\/\/lucas-filmfestival.de\/en\/","logo":{"@type":"ImageObject","inLanguage":"en-US","@id":"https:\/\/lucas-filmfestival.de\/en\/#\/schema\/logo\/image\/","url":"https:\/\/lucas-filmfestival.de\/medien\/2025\/05\/cropped-LucasLogo.jpg","contentUrl":"https:\/\/lucas-filmfestival.de\/medien\/2025\/05\/cropped-LucasLogo.jpg","width":1090,"height":800,"caption":"LUCAS \u2013 Internationales Festival f\u00fcr junge Filmfans"},"image":{"@id":"https:\/\/lucas-filmfestival.de\/en\/#\/schema\/logo\/image\/"}}]}},"_links":{"self":[{"href":"https:\/\/lucas-filmfestival.de\/en\/wp-json\/wp\/v2\/pages\/5823","targetHints":{"allow":["GET"]}}],"collection":[{"href":"https:\/\/lucas-filmfestival.de\/en\/wp-json\/wp\/v2\/pages"}],"about":[{"href":"https:\/\/lucas-filmfestival.de\/en\/wp-json\/wp\/v2\/types\/page"}],"author":[{"embeddable":true,"href":"https:\/\/lucas-filmfestival.de\/en\/wp-json\/wp\/v2\/users\/14"}],"replies":[{"embeddable":true,"href":"https:\/\/lucas-filmfestival.de\/en\/wp-json\/wp\/v2\/comments?post=5823"}],"version-history":[{"count":5,"href":"https:\/\/lucas-filmfestival.de\/en\/wp-json\/wp\/v2\/pages\/5823\/revisions"}],"predecessor-version":[{"id":25533,"href":"https:\/\/lucas-filmfestival.de\/en\/wp-json\/wp\/v2\/pages\/5823\/revisions\/25533"}],"wp:attachment":[{"href":"https:\/\/lucas-filmfestival.de\/en\/wp-json\/wp\/v2\/media?parent=5823"}],"curies":[{"name":"wp","href":"https:\/\/api.w.org\/{rel}","templated":true}]}}