{"id":5843,"date":"2021-01-18T10:03:31","date_gmt":"2021-01-18T10:03:31","guid":{"rendered":"https:\/\/lucas-filmfestival.de\/impressum\/"},"modified":"2025-08-11T14:41:21","modified_gmt":"2025-08-11T14:41:21","slug":"imprint","status":"publish","type":"page","link":"https:\/\/lucas-filmfestival.de\/en\/imprint\/","title":{"rendered":"Imprint"},"content":{"rendered":"<div class=\"wpb-content-wrapper\"><p>[vc_row full_width=\u201cstretch_row\u201d css=\u201d.vc_custom_1624870661869{padding-top: 50px !important;padding-bottom: 50px !important;background-color: #48d1cc !important;}\u201d][vc_column][vc_row_inner][vc_column_inner][vc_single_image image=\u201c876\u201d img_size=\u201c215x50\u201d][\/vc_column_inner][\/vc_row_inner][vc_row_inner][vc_column_inner width=\u201c1\/2\u201d][vc_column_text]<\/p>\n<h2>Information according to \u00a7 5&nbsp;TMG<\/h2>\n<p>DFF \u2013 Deutsches Filminstitut &amp; Filmmuseum e.V.<br>\nSchaumainkai 41<br>\n60596 Frankfurt am&nbsp;Main<\/p>\n<p><strong>Represented by:<\/strong><br>\nChristine Kopf (Board Member)<br>\nTobias R\u00f6mer (Board Member)<br>\nDr. Simone Emmelius (Board Member)<\/p>\n<p><strong>Contact:<\/strong><br>\nPhone: +49\u201369-961220 672<br>\nE\u2011mail: <a href=\"mailto:info@dff.film\">info@dff.film<\/a><\/p>\n<p><strong>Responsible Register of Associations<\/strong><br>\nAmtsgericht Frankfurt am&nbsp;Main<br>\n\u2013 Registergericht&nbsp;\u2013<br>\nHeiligkreuzgasse 34<br>\n60313 Frankfurt am&nbsp;Main<br>\n\u2013 Business num\u00adber: VR&nbsp;7975&nbsp;\u2013<\/p>\n<p>VAT iden\u00adti\u00adfi\u00adca\u00adti\u00adon num\u00adber accor\u00adding to \u00a727&nbsp;a<br>\nUmsatzsteuergesetz:<br>\nDE 113891109<\/p>\n<p><strong>Responsible for Content accor\u00adding to \u00a7 55 Abs. 2&nbsp;RStV:<br>\n<\/strong> Christine Kopf (Artistic Director)<br>\nDFF \u2013 Deutsches Filminstitut &amp; Filmmuseum e.V.<br>\nSchaumainkai 41<br>\n60596 Frankfurt am Main[\/vc_column_text][\/vc_column_inner][vc_column_inner width=\u201c1\/2\u201d][\/vc_column_inner][\/vc_row_inner][\/vc_column][\/vc_row][vc_row full_width=\u201cstretch_row\u201d css=\u201d.vc_custom_1624870671082{padding-top: 50px !important;padding-bottom: 50px !important;background-color: #ffd700 !important;}\u201d][vc_column][vc_row_inner][vc_column_inner][vc_single_image image=\u201c876\u201d img_size=\u201c215x50\u201d][\/vc_column_inner][\/vc_row_inner][vc_row_inner][vc_column_inner width=\u201c1\/2\u201d][vc_column_text]<\/p>\n<h2><strong>Editorial Office<\/strong><\/h2>\n<p>LUCAS \u2013 International Festival for Young Film Lovers<br>\nSchaumainkai 41<br>\nD\u201160596 Frankfurt am&nbsp;Main<br>\nTel: +49\u201369-961 220&nbsp;671<br>\nFax: +49\u201369-961 220&nbsp;669<\/p>\n<h3>Youth Protection Officer<\/h3>\n<p>Fabian Schauren (<a class=\"moz-txt-link-abbreviated\" href=\"mailto:jugendschutz@kommunale-kinos.de\">jugendschutz@kommunale-kinos.de<\/a>)<\/p>\n<h3>Web Manager<\/h3>\n<p><a href=\"http:\/\/privataktionaer.com\">Urs Scheufele<\/a>[\/vc_column_text][\/vc_column_inner][vc_column_inner width=\u201c1\/2\u201d][\/vc_column_inner][\/vc_row_inner][\/vc_column][\/vc_row][vc_row full_width=\u201cstretch_row\u201d css=\u201d.vc_custom_1624870682598{padding-top: 50px !important;padding-bottom: 50px !important;background-color: #ff6347 !important;}\u201d][vc_column][vc_row_inner][vc_column_inner][vc_single_image image=\u201c876\u201d img_size=\u201c215x50\u201d][\/vc_column_inner][\/vc_row_inner][vc_row_inner][vc_column_inner width=\u201c1\/2\u201d][vc_column_text]<\/p>\n<p style=\"text-align: left;\"><strong>Dispute Resolution<\/strong><br>\nThe European Commission pro\u00advi\u00addes a plat\u00adform for online dis\u00adpu\u00adte reso\u00adlu\u00adti\u00adon (OS): https:\/\/ec.europa.eu\/consumers\/odr<br>\nYou can find our email address in the legal noti\u00adce&nbsp;above.<\/p>\n<p style=\"text-align: left;\">We are not wil\u00adling or obli\u00adged to par\u00adti\u00adci\u00adpa\u00adte in dis\u00adpu\u00adte reso\u00adlu\u00adti\u00adon pro\u00adcee\u00addings befo\u00adre a con\u00adsu\u00admer arbi\u00adtra\u00adti\u00adon&nbsp;board.<\/p>\n<p style=\"text-align: left;\"><strong>Liability for Content<\/strong><br>\nAs a ser\u00advice pro\u00advi\u00adder, we are respon\u00adsi\u00adble for our own con\u00adtent on the\u00adse TMG, we are respon\u00adsi\u00adble for our own con\u00adtent on the\u00adse pages in accordance with the gene\u00adral laws. According to \u00a7\u00a7 8 to 10 TMG, howe\u00adver, we as a ser\u00advice pro\u00advi\u00adder are not obli\u00adged to moni\u00adtor trans\u00admit\u00adted or stored third-par\u00adty infor\u00adma\u00adti\u00adon or to inves\u00adti\u00adga\u00adte cir\u00adcum\u00ads\u00adtances that indi\u00adca\u00adte ille\u00adgal activity.<\/p>\n<p style=\"text-align: left;\">Obligations to remo\u00adve or block the use of infor\u00adma\u00adti\u00adon in accordance with gene\u00adral legis\u00adla\u00adti\u00adon remain unaf\u00adfec\u00adted by this. However, lia\u00adbi\u00adli\u00adty in this respect is only pos\u00adsi\u00adble from the time we beco\u00adme awa\u00adre of a spe\u00adci\u00adfic inf\u00adrin\u00adge\u00adment. As soon as we beco\u00adme awa\u00adre of such inf\u00adrin\u00adge\u00adments, we will remo\u00adve this con\u00adtent immediately.<\/p>\n<p style=\"text-align: left;\"><strong>Liability for&nbsp;Links<\/strong><br>\nOur web\u00adsite con\u00adta\u00adins links to exter\u00adnal third-par\u00adty web\u00adsites over who\u00adse con\u00adtent we have no influence. Therefore, we can\u00adnot accept any lia\u00adbi\u00adli\u00adty for this third-par\u00adty con\u00adtent. The respec\u00adti\u00adve pro\u00advi\u00adder or ope\u00adra\u00adtor of the pages is always respon\u00adsi\u00adble for the con\u00adtent of the lin\u00adked pages. The lin\u00adked pages were che\u00adcked for pos\u00adsi\u00adble legal vio\u00adla\u00adti\u00adons at the time of lin\u00adking. Illegal con\u00adtent was not reco\u00adgnizable at the time of linking.<\/p>\n<p style=\"text-align: left;\">However, per\u00adma\u00adnent moni\u00adto\u00adring of the con\u00adtent of the lin\u00adked pages is not reasonable wit\u00adhout con\u00adcre\u00adte evi\u00addence of an inf\u00adrin\u00adge\u00adment. If we beco\u00adme awa\u00adre of any legal inf\u00adrin\u00adge\u00adments, we will remo\u00adve such links immediately.<\/p>\n<p style=\"text-align: left;\"><strong>Copyright<\/strong><br>\nThe con\u00adtent and works crea\u00adted by the site ope\u00adra\u00adtors on the\u00adse pages are sub\u00adject to German copy\u00adright law. Duplication, pro\u00adces\u00adsing, dis\u00adtri\u00adbu\u00adti\u00adon and any kind of explo\u00adita\u00adti\u00adon out\u00adside the limits of copy\u00adright law requi\u00adre the writ\u00adten con\u00adsent of the respec\u00adti\u00adve aut\u00adhor or crea\u00adtor. Downloads and copies of this site are only per\u00admit\u00adted for pri\u00adva\u00adte, non-com\u00admer\u00adcial&nbsp;use.<\/p>\n<p style=\"text-align: left;\">Insofar as the con\u00adtent on this site was not crea\u00adted by the ope\u00adra\u00adtor, the copy\u00adrights of third par\u00adties are respec\u00adted. In par\u00adti\u00adcu\u00adlar, third-par\u00adty con\u00adtent is iden\u00adti\u00adfied as such. Should you nevert\u00adhel\u00adess beco\u00adme awa\u00adre of a copy\u00adright inf\u00adrin\u00adge\u00adment, plea\u00adse inform us accor\u00addin\u00adgly. If we beco\u00adme awa\u00adre of any inf\u00adrin\u00adge\u00adments, we will remo\u00adve such con\u00adtent immediately.<\/p>\n<p style=\"text-align: left;\">Source: e\u2011recht24.de<\/p>\n<p>[\/vc_column_text][\/vc_column_inner][vc_column_inner width=\u201c1\/2\u201d][\/vc_column_inner][\/vc_row_inner][\/vc_column][\/vc_row]<\/p>\n<\/div>","protected":false},"excerpt":{"rendered":"<p>[vc_row full_width=\u201cstretch_row\u201d css=\u201d.vc_custom_1624870661869{padding-top: 50px !important;padding-bottom: 50px !important;background-color: #48d1cc !important;}\u201d][vc_column][vc_row_inner][vc_column_inner][vc_single_image image=\u201c876\u201d img_size=\u201c215x50\u201d][\/vc_column_inner][\/vc_row_inner][vc_row_inner][vc_column_inner width=\u201c1\/2\u201d][vc_column_text] Information accor\u00adding to \u00a7 5&nbsp;TMG DFF \u2013 Deutsches Filminstitut &amp; Filmmuseum e.V. Schaumainkai 41 60596 Frankfurt am&nbsp;Main Represented by: Christine Kopf (Board Member) Tobias R\u00f6mer (Board Member) Dr. Simone Emmelius (Board Member) Contact: Phone: +49\u201369\u2013961220 672 E\u2011mail: info@dff.film Responsible Register of Associations Amtsgericht&nbsp;[\u2026]<\/p>\n","protected":false},"author":14,"featured_media":0,"parent":0,"menu_order":210,"comment_status":"closed","ping_status":"closed","template":"","meta":{"_lmt_disableupdate":"no","_lmt_disable":"","wp_typography_post_enhancements_disabled":false,"site-sidebar-layout":"no-sidebar","site-content-layout":"plain-container","ast-site-content-layout":"normal-width-container","site-content-style":"unboxed","site-sidebar-style":"unboxed","ast-global-header-display":"","ast-banner-title-visibility":"","ast-main-header-display":"","ast-hfb-above-header-display":"","ast-hfb-below-header-display":"","ast-hfb-mobile-header-display":"","site-post-title":"","ast-breadcrumbs-content":"","ast-featured-img":"disabled","footer-sml-layout":"","ast-disable-related-posts":"","theme-transparent-header-meta":"default","adv-header-id-meta":"","stick-header-meta":"default","header-above-stick-meta":"","header-main-stick-meta":"","header-below-stick-meta":"","astra-migrate-meta-layouts":"set","ast-page-background-enabled":"default","ast-page-background-meta":{"desktop":{"background-color":"var(--ast-global-color-4)","background-image":"","background-repeat":"repeat","background-position":"center center","background-size":"auto","background-attachment":"scroll","background-type":"","background-media":"","overlay-type":"","overlay-color":"","overlay-opacity":"","overlay-gradient":""},"tablet":{"background-color":"","background-image":"","background-repeat":"repeat","background-position":"center center","background-size":"auto","background-attachment":"scroll","background-type":"","background-media":"","overlay-type":"","overlay-color":"","overlay-opacity":"","overlay-gradient":""},"mobile":{"background-color":"","background-image":"","background-repeat":"repeat","background-position":"center center","background-size":"auto","background-attachment":"scroll","background-type":"","background-media":"","overlay-type":"","overlay-color":"","overlay-opacity":"","overlay-gradient":""}},"ast-content-background-meta":{"desktop":{"background-color":"var(--ast-global-color-5)","background-image":"","background-repeat":"repeat","background-position":"center center","background-size":"auto","background-attachment":"scroll","background-type":"","background-media":"","overlay-type":"","overlay-color":"","overlay-opacity":"","overlay-gradient":""},"tablet":{"background-color":"var(--ast-global-color-5)","background-image":"","background-repeat":"repeat","background-position":"center center","background-size":"auto","background-attachment":"scroll","background-type":"","background-media":"","overlay-type":"","overlay-color":"","overlay-opacity":"","overlay-gradient":""},"mobile":{"background-color":"var(--ast-global-color-5)","background-image":"","background-repeat":"repeat","background-position":"center center","background-size":"auto","background-attachment":"scroll","background-type":"","background-media":"","overlay-type":"","overlay-color":"","overlay-opacity":"","overlay-gradient":""}},"footnotes":""},"class_list":["post-5843","page","type-page","status-publish","hentry"],"yoast_head":"<!-- This site is optimized with the Yoast SEO plugin v26.7 - https:\/\/yoast.com\/wordpress\/plugins\/seo\/ -->\n<title>Imprint - LUCAS \u2013 Internationales Festival f\u00fcr junge Filmfans<\/title>\n<meta name=\"description\" content=\"Editor: LUCAS \u2013 International Festival for Young Film Lovers - Schaumainkai 41 - D-60596 Frankfurt am Main - Tel: +49-69-961 220 671 - Fax: +49-69-961 220 669\" \/>\n<meta name=\"robots\" content=\"index, follow, max-snippet:-1, max-image-preview:large, max-video-preview:-1\" \/>\n<link rel=\"canonical\" href=\"https:\/\/lucas-filmfestival.de\/en\/imprint\/\" \/>\n<meta property=\"og:locale\" content=\"en_US\" \/>\n<meta property=\"og:type\" content=\"article\" \/>\n<meta property=\"og:title\" content=\"Imprint - LUCAS \u2013 Internationales Festival f\u00fcr junge Filmfans\" \/>\n<meta property=\"og:description\" content=\"Editor: LUCAS \u2013 International Festival for Young Film Lovers - Schaumainkai 41 - D-60596 Frankfurt am Main - Tel: +49-69-961 220 671 - Fax: +49-69-961 220 669\" \/>\n<meta property=\"og:url\" content=\"https:\/\/lucas-filmfestival.de\/en\/imprint\/\" \/>\n<meta property=\"og:site_name\" content=\"LUCAS \u2013 Internationales Festival f\u00fcr junge Filmfans\" \/>\n<meta property=\"article:modified_time\" content=\"2025-08-11T14:41:21+00:00\" \/>\n<meta name=\"twitter:card\" content=\"summary_large_image\" \/>\n<meta name=\"twitter:label1\" content=\"Est. reading time\" \/>\n\t<meta name=\"twitter:data1\" content=\"4 minutes\" \/>\n<script type=\"application\/ld+json\" class=\"yoast-schema-graph\">{\"@context\":\"https:\/\/schema.org\",\"@graph\":[{\"@type\":\"WebPage\",\"@id\":\"https:\/\/lucas-filmfestival.de\/en\/imprint\/\",\"url\":\"https:\/\/lucas-filmfestival.de\/en\/imprint\/\",\"name\":\"Imprint - LUCAS \u2013 Internationales Festival f\u00fcr junge Filmfans\",\"isPartOf\":{\"@id\":\"https:\/\/lucas-filmfestival.de\/en\/#website\"},\"datePublished\":\"2021-01-18T10:03:31+00:00\",\"dateModified\":\"2025-08-11T14:41:21+00:00\",\"description\":\"Editor: LUCAS \u2013 International Festival for Young Film Lovers - Schaumainkai 41 - D-60596 Frankfurt am Main - Tel: +49-69-961 220 671 - Fax: +49-69-961 220 669\",\"breadcrumb\":{\"@id\":\"https:\/\/lucas-filmfestival.de\/en\/imprint\/#breadcrumb\"},\"inLanguage\":\"en-US\",\"potentialAction\":[{\"@type\":\"ReadAction\",\"target\":[\"https:\/\/lucas-filmfestival.de\/en\/imprint\/\"]}]},{\"@type\":\"BreadcrumbList\",\"@id\":\"https:\/\/lucas-filmfestival.de\/en\/imprint\/#breadcrumb\",\"itemListElement\":[{\"@type\":\"ListItem\",\"position\":1,\"name\":\"Home\",\"item\":\"https:\/\/lucas-filmfestival.de\/en\/\"},{\"@type\":\"ListItem\",\"position\":2,\"name\":\"Imprint\"}]},{\"@type\":\"WebSite\",\"@id\":\"https:\/\/lucas-filmfestival.de\/en\/#website\",\"url\":\"https:\/\/lucas-filmfestival.de\/en\/\",\"name\":\"LUCAS \u2013 Internationales Festival f\u00fcr junge Filmfans\",\"description\":\"Deutschlands \u00e4ltestes Filmfestival f\u00fcr junges Publikum. Das Programm richtet sich an alle von vier Jahren bis 18plus und pr\u00e4sentiert aktuelles internationales Filmschaffen \u2013 Spiel\u2011, Dokumentar\u2011, Animations- und Experimentalfilme. Herzst\u00fcck von LUCAS sind die Wettbewerbe in den Sektionen 8+, 13+ und 16+ | Youngsters.\",\"publisher\":{\"@id\":\"https:\/\/lucas-filmfestival.de\/en\/#organization\"},\"potentialAction\":[{\"@type\":\"SearchAction\",\"target\":{\"@type\":\"EntryPoint\",\"urlTemplate\":\"https:\/\/lucas-filmfestival.de\/en\/?s={search_term_string}\"},\"query-input\":{\"@type\":\"PropertyValueSpecification\",\"valueRequired\":true,\"valueName\":\"search_term_string\"}}],\"inLanguage\":\"en-US\"},{\"@type\":\"Organization\",\"@id\":\"https:\/\/lucas-filmfestival.de\/en\/#organization\",\"name\":\"LUCAS \u2013 Internationales Festival f\u00fcr junge Filmfans\",\"url\":\"https:\/\/lucas-filmfestival.de\/en\/\",\"logo\":{\"@type\":\"ImageObject\",\"inLanguage\":\"en-US\",\"@id\":\"https:\/\/lucas-filmfestival.de\/en\/#\/schema\/logo\/image\/\",\"url\":\"https:\/\/lucas-filmfestival.de\/medien\/2025\/05\/cropped-LucasLogo.jpg\",\"contentUrl\":\"https:\/\/lucas-filmfestival.de\/medien\/2025\/05\/cropped-LucasLogo.jpg\",\"width\":1090,\"height\":800,\"caption\":\"LUCAS \u2013 Internationales Festival f\u00fcr junge Filmfans\"},\"image\":{\"@id\":\"https:\/\/lucas-filmfestival.de\/en\/#\/schema\/logo\/image\/\"}}]}<\/script>\n<!-- \/ Yoast SEO plugin. -->","yoast_head_json":{"title":"Imprint - LUCAS \u2013 Internationales Festival f\u00fcr junge Filmfans","description":"Editor: LUCAS \u2013 International Festival for Young Film Lovers - Schaumainkai 41 - D-60596 Frankfurt am Main - Tel: +49-69-961 220 671 - Fax: +49-69-961 220 669","robots":{"index":"index","follow":"follow","max-snippet":"max-snippet:-1","max-image-preview":"max-image-preview:large","max-video-preview":"max-video-preview:-1"},"canonical":"https:\/\/lucas-filmfestival.de\/en\/imprint\/","og_locale":"en_US","og_type":"article","og_title":"Imprint - LUCAS \u2013 Internationales Festival f\u00fcr junge Filmfans","og_description":"Editor: LUCAS \u2013 International Festival for Young Film Lovers - Schaumainkai 41 - D-60596 Frankfurt am Main - Tel: +49-69-961 220 671 - Fax: +49-69-961 220 669","og_url":"https:\/\/lucas-filmfestival.de\/en\/imprint\/","og_site_name":"LUCAS \u2013 Internationales Festival f\u00fcr junge Filmfans","article_modified_time":"2025-08-11T14:41:21+00:00","twitter_card":"summary_large_image","twitter_misc":{"Est. reading time":"4 minutes"},"schema":{"@context":"https:\/\/schema.org","@graph":[{"@type":"WebPage","@id":"https:\/\/lucas-filmfestival.de\/en\/imprint\/","url":"https:\/\/lucas-filmfestival.de\/en\/imprint\/","name":"Imprint - LUCAS \u2013 Internationales Festival f\u00fcr junge Filmfans","isPartOf":{"@id":"https:\/\/lucas-filmfestival.de\/en\/#website"},"datePublished":"2021-01-18T10:03:31+00:00","dateModified":"2025-08-11T14:41:21+00:00","description":"Editor: LUCAS \u2013 International Festival for Young Film Lovers - Schaumainkai 41 - D-60596 Frankfurt am Main - Tel: +49-69-961 220 671 - Fax: +49-69-961 220 669","breadcrumb":{"@id":"https:\/\/lucas-filmfestival.de\/en\/imprint\/#breadcrumb"},"inLanguage":"en-US","potentialAction":[{"@type":"ReadAction","target":["https:\/\/lucas-filmfestival.de\/en\/imprint\/"]}]},{"@type":"BreadcrumbList","@id":"https:\/\/lucas-filmfestival.de\/en\/imprint\/#breadcrumb","itemListElement":[{"@type":"ListItem","position":1,"name":"Home","item":"https:\/\/lucas-filmfestival.de\/en\/"},{"@type":"ListItem","position":2,"name":"Imprint"}]},{"@type":"WebSite","@id":"https:\/\/lucas-filmfestival.de\/en\/#website","url":"https:\/\/lucas-filmfestival.de\/en\/","name":"LUCAS \u2013 Internationales Festival f\u00fcr junge Filmfans","description":"Deutschlands \u00e4ltestes Filmfestival f\u00fcr junges Publikum. Das Programm richtet sich an alle von vier Jahren bis 18plus und pr\u00e4sentiert aktuelles internationales Filmschaffen \u2013 Spiel\u2011, Dokumentar\u2011, Animations- und Experimentalfilme. Herzst\u00fcck von LUCAS sind die Wettbewerbe in den Sektionen 8+, 13+ und 16+ | Youngsters.","publisher":{"@id":"https:\/\/lucas-filmfestival.de\/en\/#organization"},"potentialAction":[{"@type":"SearchAction","target":{"@type":"EntryPoint","urlTemplate":"https:\/\/lucas-filmfestival.de\/en\/?s={search_term_string}"},"query-input":{"@type":"PropertyValueSpecification","valueRequired":true,"valueName":"search_term_string"}}],"inLanguage":"en-US"},{"@type":"Organization","@id":"https:\/\/lucas-filmfestival.de\/en\/#organization","name":"LUCAS \u2013 Internationales Festival f\u00fcr junge Filmfans","url":"https:\/\/lucas-filmfestival.de\/en\/","logo":{"@type":"ImageObject","inLanguage":"en-US","@id":"https:\/\/lucas-filmfestival.de\/en\/#\/schema\/logo\/image\/","url":"https:\/\/lucas-filmfestival.de\/medien\/2025\/05\/cropped-LucasLogo.jpg","contentUrl":"https:\/\/lucas-filmfestival.de\/medien\/2025\/05\/cropped-LucasLogo.jpg","width":1090,"height":800,"caption":"LUCAS \u2013 Internationales Festival f\u00fcr junge Filmfans"},"image":{"@id":"https:\/\/lucas-filmfestival.de\/en\/#\/schema\/logo\/image\/"}}]}},"_links":{"self":[{"href":"https:\/\/lucas-filmfestival.de\/en\/wp-json\/wp\/v2\/pages\/5843","targetHints":{"allow":["GET"]}}],"collection":[{"href":"https:\/\/lucas-filmfestival.de\/en\/wp-json\/wp\/v2\/pages"}],"about":[{"href":"https:\/\/lucas-filmfestival.de\/en\/wp-json\/wp\/v2\/types\/page"}],"author":[{"embeddable":true,"href":"https:\/\/lucas-filmfestival.de\/en\/wp-json\/wp\/v2\/users\/14"}],"replies":[{"embeddable":true,"href":"https:\/\/lucas-filmfestival.de\/en\/wp-json\/wp\/v2\/comments?post=5843"}],"version-history":[{"count":5,"href":"https:\/\/lucas-filmfestival.de\/en\/wp-json\/wp\/v2\/pages\/5843\/revisions"}],"predecessor-version":[{"id":23314,"href":"https:\/\/lucas-filmfestival.de\/en\/wp-json\/wp\/v2\/pages\/5843\/revisions\/23314"}],"wp:attachment":[{"href":"https:\/\/lucas-filmfestival.de\/en\/wp-json\/wp\/v2\/media?parent=5843"}],"curies":[{"name":"wp","href":"https:\/\/api.w.org\/{rel}","templated":true}]}}