{"id":6730,"date":"2021-09-01T15:18:44","date_gmt":"2021-09-01T15:18:44","guid":{"rendered":"https:\/\/lucas-filmfestival.de\/tickets\/"},"modified":"2025-08-11T13:03:25","modified_gmt":"2025-08-11T13:03:25","slug":"tickets","status":"publish","type":"page","link":"https:\/\/lucas-filmfestival.de\/en\/tickets\/","title":{"rendered":"Cinema Tickets for Individuals"},"content":{"rendered":"<div class=\"wpb-content-wrapper\"><p>[vc_row full_width=\u201cstretch_row\u201d css=\u201d.vc_custom_1724326964065{padding-bottom: 20px !important;background-color: #ffd700 !important;}\u201d][vc_column css=\u201d.vc_custom_1697470178572{margin-top: \u20114px !important;}\u201d][vc_empty_space height=\u201c50px\u201d][vc_column_text]<\/p>\n<p class=\"x_MsoNormal\" style=\"text-align: justify;\">No online sales for indi\u00advi\u00addu\u00adal tickets for scree\u00adnings at Cin\u00e9ma, CineStar Frankfurt Metropolis IMAX and Kino im Hafen&nbsp;2.<\/p>\n<p class=\"x_MsoNormal\" style=\"text-align: justify;\">Tickets for all cine\u00admas can be reser\u00adved <strong>by tele\u00adpho\u00adne (+49 69 961 220 \u2013 678)<\/strong> or <strong>by e\u2011mail (<a href=\"mailto:lucas-info@dff.film\" target=\"_blank\" rel=\"noopener noreferrer\" data-auth=\"NotApplicable\" data-linkindex=\"0\">lucas-info@dff.film),<\/a> <\/strong>sta\u00adting the movie title, cine\u00adma and time of the scree\u00adning. Reservations must be coll\u00adec\u00adted from the box office half an hour befo\u00adre the start of the screening.<\/p>\n<p class=\"x_MsoNormal\" style=\"text-align: justify;\">Screenings <b>on September 28 <\/b>as part of <strong>\u00bbLUCAS for Families\u00ab<\/strong> (bet\u00adween 10 a.m. and 5 p.m.) are free of char\u00adge and can also be reser\u00adved via the abo\u00adve tele\u00adpho\u00adne num\u00adber or e\u2011mail address. If you wish to send an e\u2011mail, plea\u00adse men\u00adti\u00adon the <strong>key\u00adword \u201cLUCAS Festival Sunday\u201d and the film title<\/strong>.<\/p>\n<p>[\/vc_column_text][vc_empty_space height=\u201c50px\u201d][\/vc_column][\/vc_row][vc_row][vc_column][\/vc_column][\/vc_row]<\/p>\n<\/div>","protected":false},"excerpt":{"rendered":"<p>[vc_row full_width=\u201cstretch_row\u201d css=\u201d.vc_custom_1724326964065{padding-bottom: 20px !important;background-color: #ffd700 !important;}\u201d][vc_column css=\u201d.vc_custom_1697470178572{margin-top: \u20114px !important;}\u201d][vc_empty_space height=\u201c50px\u201d][vc_column_text] No online sales for indi\u00advi\u00addu\u00adal tickets for scree\u00adnings at Cin\u00e9ma, CineStar Frankfurt Metropolis IMAX and Kino im Hafen&nbsp;2. Tickets for all cine\u00admas can be reser\u00adved by tele\u00adpho\u00adne (+49 69 961 220 \u2013 678) or by e\u2011mail (lucas-info@dff.film), sta\u00adting the movie title, cine\u00adma and&nbsp;time&nbsp;[\u2026]<\/p>\n","protected":false},"author":6,"featured_media":0,"parent":0,"menu_order":0,"comment_status":"closed","ping_status":"closed","template":"","meta":{"_lmt_disableupdate":"no","_lmt_disable":"","wp_typography_post_enhancements_disabled":false,"site-sidebar-layout":"default","site-content-layout":"default","ast-site-content-layout":"default","site-content-style":"default","site-sidebar-style":"default","ast-global-header-display":"","ast-banner-title-visibility":"","ast-main-header-display":"","ast-hfb-above-header-display":"","ast-hfb-below-header-display":"","ast-hfb-mobile-header-display":"","site-post-title":"","ast-breadcrumbs-content":"","ast-featured-img":"","footer-sml-layout":"","ast-disable-related-posts":"","theme-transparent-header-meta":"default","adv-header-id-meta":"","stick-header-meta":"default","header-above-stick-meta":"","header-main-stick-meta":"","header-below-stick-meta":"","astra-migrate-meta-layouts":"set","ast-page-background-enabled":"default","ast-page-background-meta":{"desktop":{"background-color":"var(--ast-global-color-4)","background-image":"","background-repeat":"repeat","background-position":"center center","background-size":"auto","background-attachment":"scroll","background-type":"","background-media":"","overlay-type":"","overlay-color":"","overlay-opacity":"","overlay-gradient":""},"tablet":{"background-color":"","background-image":"","background-repeat":"repeat","background-position":"center center","background-size":"auto","background-attachment":"scroll","background-type":"","background-media":"","overlay-type":"","overlay-color":"","overlay-opacity":"","overlay-gradient":""},"mobile":{"background-color":"","background-image":"","background-repeat":"repeat","background-position":"center center","background-size":"auto","background-attachment":"scroll","background-type":"","background-media":"","overlay-type":"","overlay-color":"","overlay-opacity":"","overlay-gradient":""}},"ast-content-background-meta":{"desktop":{"background-color":"var(--ast-global-color-5)","background-image":"","background-repeat":"repeat","background-position":"center center","background-size":"auto","background-attachment":"scroll","background-type":"","background-media":"","overlay-type":"","overlay-color":"","overlay-opacity":"","overlay-gradient":""},"tablet":{"background-color":"var(--ast-global-color-5)","background-image":"","background-repeat":"repeat","background-position":"center center","background-size":"auto","background-attachment":"scroll","background-type":"","background-media":"","overlay-type":"","overlay-color":"","overlay-opacity":"","overlay-gradient":""},"mobile":{"background-color":"var(--ast-global-color-5)","background-image":"","background-repeat":"repeat","background-position":"center center","background-size":"auto","background-attachment":"scroll","background-type":"","background-media":"","overlay-type":"","overlay-color":"","overlay-opacity":"","overlay-gradient":""}},"footnotes":""},"class_list":["post-6730","page","type-page","status-publish","hentry"],"yoast_head":"<!-- This site is optimized with the Yoast SEO plugin v26.7 - https:\/\/yoast.com\/wordpress\/plugins\/seo\/ -->\n<title>Cinema Tickets for Individuals - LUCAS \u2013 Internationales Festival f\u00fcr junge Filmfans<\/title>\n<meta name=\"robots\" content=\"index, follow, max-snippet:-1, max-image-preview:large, max-video-preview:-1\" \/>\n<link rel=\"canonical\" href=\"https:\/\/lucas-filmfestival.de\/en\/tickets\/\" \/>\n<meta property=\"og:locale\" content=\"en_US\" \/>\n<meta property=\"og:type\" content=\"article\" \/>\n<meta property=\"og:title\" content=\"Cinema Tickets for Individuals - LUCAS \u2013 Internationales Festival f\u00fcr junge Filmfans\" \/>\n<meta property=\"og:description\" content=\"[vc_row full_width=\u201cstretch_row\u201d css=\u201d.vc_custom_1724326964065{padding-bottom: 20px !important;background-color: #ffd700 !important;}\u201d][vc_column css=\u201d.vc_custom_1697470178572{margin-top: \u20114px !important;}\u201d][vc_empty_space height=\u201c50px\u201d][vc_column_text] No online sales for indi\u00advi\u00addu\u00adal tickets for scree\u00adnings at Cin\u00e9ma, CineStar Frankfurt Metropolis IMAX and Kino im Hafen&nbsp;2. Tickets for all cine\u00admas can be reser\u00adved by tele\u00adpho\u00adne (+49 69 961 220 \u2013 678) or by e\u2011mail (lucas-info@dff.film), sta\u00adting the movie title, cine\u00adma and time [&hellip;]\" \/>\n<meta property=\"og:url\" content=\"https:\/\/lucas-filmfestival.de\/en\/tickets\/\" \/>\n<meta property=\"og:site_name\" content=\"LUCAS \u2013 Internationales Festival f\u00fcr junge Filmfans\" \/>\n<meta property=\"article:modified_time\" content=\"2025-08-11T13:03:25+00:00\" \/>\n<meta name=\"twitter:card\" content=\"summary_large_image\" \/>\n<meta name=\"twitter:label1\" content=\"Est. reading time\" \/>\n\t<meta name=\"twitter:data1\" content=\"1 minute\" \/>\n<script type=\"application\/ld+json\" class=\"yoast-schema-graph\">{\"@context\":\"https:\/\/schema.org\",\"@graph\":[{\"@type\":\"WebPage\",\"@id\":\"https:\/\/lucas-filmfestival.de\/en\/tickets\/\",\"url\":\"https:\/\/lucas-filmfestival.de\/en\/tickets\/\",\"name\":\"Cinema Tickets for Individuals - LUCAS \u2013 Internationales Festival f\u00fcr junge Filmfans\",\"isPartOf\":{\"@id\":\"https:\/\/lucas-filmfestival.de\/en\/#website\"},\"datePublished\":\"2021-09-01T15:18:44+00:00\",\"dateModified\":\"2025-08-11T13:03:25+00:00\",\"breadcrumb\":{\"@id\":\"https:\/\/lucas-filmfestival.de\/en\/tickets\/#breadcrumb\"},\"inLanguage\":\"en-US\",\"potentialAction\":[{\"@type\":\"ReadAction\",\"target\":[\"https:\/\/lucas-filmfestival.de\/en\/tickets\/\"]}]},{\"@type\":\"BreadcrumbList\",\"@id\":\"https:\/\/lucas-filmfestival.de\/en\/tickets\/#breadcrumb\",\"itemListElement\":[{\"@type\":\"ListItem\",\"position\":1,\"name\":\"Home\",\"item\":\"https:\/\/lucas-filmfestival.de\/en\/\"},{\"@type\":\"ListItem\",\"position\":2,\"name\":\"Cinema Tickets for Individuals\"}]},{\"@type\":\"WebSite\",\"@id\":\"https:\/\/lucas-filmfestival.de\/en\/#website\",\"url\":\"https:\/\/lucas-filmfestival.de\/en\/\",\"name\":\"LUCAS \u2013 Internationales Festival f\u00fcr junge Filmfans\",\"description\":\"Deutschlands \u00e4ltestes Filmfestival f\u00fcr junges Publikum. Das Programm richtet sich an alle von vier Jahren bis 18plus und pr\u00e4sentiert aktuelles internationales Filmschaffen \u2013 Spiel\u2011, Dokumentar\u2011, Animations- und Experimentalfilme. Herzst\u00fcck von LUCAS sind die Wettbewerbe in den Sektionen 8+, 13+ und 16+ | Youngsters.\",\"publisher\":{\"@id\":\"https:\/\/lucas-filmfestival.de\/en\/#organization\"},\"potentialAction\":[{\"@type\":\"SearchAction\",\"target\":{\"@type\":\"EntryPoint\",\"urlTemplate\":\"https:\/\/lucas-filmfestival.de\/en\/?s={search_term_string}\"},\"query-input\":{\"@type\":\"PropertyValueSpecification\",\"valueRequired\":true,\"valueName\":\"search_term_string\"}}],\"inLanguage\":\"en-US\"},{\"@type\":\"Organization\",\"@id\":\"https:\/\/lucas-filmfestival.de\/en\/#organization\",\"name\":\"LUCAS \u2013 Internationales Festival f\u00fcr junge Filmfans\",\"url\":\"https:\/\/lucas-filmfestival.de\/en\/\",\"logo\":{\"@type\":\"ImageObject\",\"inLanguage\":\"en-US\",\"@id\":\"https:\/\/lucas-filmfestival.de\/en\/#\/schema\/logo\/image\/\",\"url\":\"https:\/\/lucas-filmfestival.de\/medien\/2025\/05\/cropped-LucasLogo.jpg\",\"contentUrl\":\"https:\/\/lucas-filmfestival.de\/medien\/2025\/05\/cropped-LucasLogo.jpg\",\"width\":1090,\"height\":800,\"caption\":\"LUCAS \u2013 Internationales Festival f\u00fcr junge Filmfans\"},\"image\":{\"@id\":\"https:\/\/lucas-filmfestival.de\/en\/#\/schema\/logo\/image\/\"}}]}<\/script>\n<!-- \/ Yoast SEO plugin. -->","yoast_head_json":{"title":"Cinema Tickets for Individuals - LUCAS \u2013 Internationales Festival f\u00fcr junge Filmfans","robots":{"index":"index","follow":"follow","max-snippet":"max-snippet:-1","max-image-preview":"max-image-preview:large","max-video-preview":"max-video-preview:-1"},"canonical":"https:\/\/lucas-filmfestival.de\/en\/tickets\/","og_locale":"en_US","og_type":"article","og_title":"Cinema Tickets for Individuals - LUCAS \u2013 Internationales Festival f\u00fcr junge Filmfans","og_description":"[vc_row full_width=\u201cstretch_row\u201d css=\u201d.vc_custom_1724326964065{padding-bottom: 20px !important;background-color: #ffd700 !important;}\u201d][vc_column css=\u201d.vc_custom_1697470178572{margin-top: \u20114px !important;}\u201d][vc_empty_space height=\u201c50px\u201d][vc_column_text] No online sales for indi\u00advi\u00addu\u00adal tickets for scree\u00adnings at Cin\u00e9ma, CineStar Frankfurt Metropolis IMAX and Kino im Hafen&nbsp;2. Tickets for all cine\u00admas can be reser\u00adved by tele\u00adpho\u00adne (+49 69 961 220 \u2013 678) or by e\u2011mail (lucas-info@dff.film), sta\u00adting the movie title, cine\u00adma and time [&hellip;]","og_url":"https:\/\/lucas-filmfestival.de\/en\/tickets\/","og_site_name":"LUCAS \u2013 Internationales Festival f\u00fcr junge Filmfans","article_modified_time":"2025-08-11T13:03:25+00:00","twitter_card":"summary_large_image","twitter_misc":{"Est. reading time":"1 minute"},"schema":{"@context":"https:\/\/schema.org","@graph":[{"@type":"WebPage","@id":"https:\/\/lucas-filmfestival.de\/en\/tickets\/","url":"https:\/\/lucas-filmfestival.de\/en\/tickets\/","name":"Cinema Tickets for Individuals - LUCAS \u2013 Internationales Festival f\u00fcr junge Filmfans","isPartOf":{"@id":"https:\/\/lucas-filmfestival.de\/en\/#website"},"datePublished":"2021-09-01T15:18:44+00:00","dateModified":"2025-08-11T13:03:25+00:00","breadcrumb":{"@id":"https:\/\/lucas-filmfestival.de\/en\/tickets\/#breadcrumb"},"inLanguage":"en-US","potentialAction":[{"@type":"ReadAction","target":["https:\/\/lucas-filmfestival.de\/en\/tickets\/"]}]},{"@type":"BreadcrumbList","@id":"https:\/\/lucas-filmfestival.de\/en\/tickets\/#breadcrumb","itemListElement":[{"@type":"ListItem","position":1,"name":"Home","item":"https:\/\/lucas-filmfestival.de\/en\/"},{"@type":"ListItem","position":2,"name":"Cinema Tickets for Individuals"}]},{"@type":"WebSite","@id":"https:\/\/lucas-filmfestival.de\/en\/#website","url":"https:\/\/lucas-filmfestival.de\/en\/","name":"LUCAS \u2013 Internationales Festival f\u00fcr junge Filmfans","description":"Deutschlands \u00e4ltestes Filmfestival f\u00fcr junges Publikum. Das Programm richtet sich an alle von vier Jahren bis 18plus und pr\u00e4sentiert aktuelles internationales Filmschaffen \u2013 Spiel\u2011, Dokumentar\u2011, Animations- und Experimentalfilme. Herzst\u00fcck von LUCAS sind die Wettbewerbe in den Sektionen 8+, 13+ und 16+ | Youngsters.","publisher":{"@id":"https:\/\/lucas-filmfestival.de\/en\/#organization"},"potentialAction":[{"@type":"SearchAction","target":{"@type":"EntryPoint","urlTemplate":"https:\/\/lucas-filmfestival.de\/en\/?s={search_term_string}"},"query-input":{"@type":"PropertyValueSpecification","valueRequired":true,"valueName":"search_term_string"}}],"inLanguage":"en-US"},{"@type":"Organization","@id":"https:\/\/lucas-filmfestival.de\/en\/#organization","name":"LUCAS \u2013 Internationales Festival f\u00fcr junge Filmfans","url":"https:\/\/lucas-filmfestival.de\/en\/","logo":{"@type":"ImageObject","inLanguage":"en-US","@id":"https:\/\/lucas-filmfestival.de\/en\/#\/schema\/logo\/image\/","url":"https:\/\/lucas-filmfestival.de\/medien\/2025\/05\/cropped-LucasLogo.jpg","contentUrl":"https:\/\/lucas-filmfestival.de\/medien\/2025\/05\/cropped-LucasLogo.jpg","width":1090,"height":800,"caption":"LUCAS \u2013 Internationales Festival f\u00fcr junge Filmfans"},"image":{"@id":"https:\/\/lucas-filmfestival.de\/en\/#\/schema\/logo\/image\/"}}]}},"_links":{"self":[{"href":"https:\/\/lucas-filmfestival.de\/en\/wp-json\/wp\/v2\/pages\/6730","targetHints":{"allow":["GET"]}}],"collection":[{"href":"https:\/\/lucas-filmfestival.de\/en\/wp-json\/wp\/v2\/pages"}],"about":[{"href":"https:\/\/lucas-filmfestival.de\/en\/wp-json\/wp\/v2\/types\/page"}],"author":[{"embeddable":true,"href":"https:\/\/lucas-filmfestival.de\/en\/wp-json\/wp\/v2\/users\/6"}],"replies":[{"embeddable":true,"href":"https:\/\/lucas-filmfestival.de\/en\/wp-json\/wp\/v2\/comments?post=6730"}],"version-history":[{"count":4,"href":"https:\/\/lucas-filmfestival.de\/en\/wp-json\/wp\/v2\/pages\/6730\/revisions"}],"predecessor-version":[{"id":23211,"href":"https:\/\/lucas-filmfestival.de\/en\/wp-json\/wp\/v2\/pages\/6730\/revisions\/23211"}],"wp:attachment":[{"href":"https:\/\/lucas-filmfestival.de\/en\/wp-json\/wp\/v2\/media?parent=6730"}],"curies":[{"name":"wp","href":"https:\/\/api.w.org\/{rel}","templated":true}]}}